{"id":992,"date":"2014-07-13T10:25:05","date_gmt":"2014-07-13T10:25:05","guid":{"rendered":"http:\/\/www.moto-adventure.net\/?page_id=992"},"modified":"2014-07-20T07:50:03","modified_gmt":"2014-07-20T07:50:03","slug":"tag-78-pakostane-und-krka-wasserfaelle-hr","status":"publish","type":"page","link":"http:\/\/www.moto-adventure.net\/?page_id=992","title":{"rendered":"Tag 7+8: Pakostane und Krka Wasserf\u00e4lle (HR)"},"content":{"rendered":"<p>Wegen des anhaltend bescheidenen Wetters in den Bergen haben wir beschlossen in der Region zu bleiben und den f\u00fcr sp\u00e4ter geplanten Besuch der Krka Wasserf\u00e4lle nahe Lozovac vorzuziehen um dann sp\u00e4ter die Schleife der Tour etwas k\u00fcrzer fahren zu k\u00f6nnen. Auch weil die Bronchitis sich noch nicht so von Karin verabschieden wollte. Die Wirtin liess aber nichts unversucht um wenigstens die Bronchits in den Griff zu bekommen. Flux ging sie in die K\u00fcche und mixte ein kroatisches Hausmittel zusammen. Honig, Saft und na was wohl, Slivovitz. Na denn Prost. Ich nahm nur den Slivovitz und lie\u00df den Rest weg. Mann der haute rein. Nach dem 2. beschloss ich, dass ich genug zur Bronchitisprophylaxe getan hatte.<\/p>\n<p>Also fuhren wir los.<\/p>\n<p><a href=\"http:\/\/www.moto-adventure.net\/wp-content\/uploads\/2014\/07\/14-5-04.jpg\"><img loading=\"lazy\" class=\"aligncenter size-full wp-image-987\" src=\"http:\/\/www.moto-adventure.net\/wp-content\/uploads\/2014\/07\/14-5-04.jpg\" alt=\"14-5-04\" width=\"600\" height=\"371\" srcset=\"http:\/\/www.moto-adventure.net\/wp-content\/uploads\/2014\/07\/14-5-04.jpg 600w, http:\/\/www.moto-adventure.net\/wp-content\/uploads\/2014\/07\/14-5-04-300x185.jpg 300w\" sizes=\"(max-width: 600px) 100vw, 600px\" \/><\/a><\/p>\n<p>Angekommen waren wir mal wieder \u00fcberrascht wieviel Leute trotz des durchwachsenen Wetters hierher kommen um die St\u00e4tten zu sehen wo die Winnetou Filme gedreht wurden.<\/p>\n<p><a href=\"http:\/\/www.moto-adventure.net\/wp-content\/uploads\/2014\/07\/14-5-06.jpg\"><img loading=\"lazy\" class=\"aligncenter size-full wp-image-988\" src=\"http:\/\/www.moto-adventure.net\/wp-content\/uploads\/2014\/07\/14-5-06.jpg\" alt=\"14-5-06\" width=\"600\" height=\"450\" srcset=\"http:\/\/www.moto-adventure.net\/wp-content\/uploads\/2014\/07\/14-5-06.jpg 600w, http:\/\/www.moto-adventure.net\/wp-content\/uploads\/2014\/07\/14-5-06-300x225.jpg 300w\" sizes=\"(max-width: 600px) 100vw, 600px\" \/><\/a><\/p>\n<p>Moment &#8211; dass hatten wir doch schonmal geh\u00f6rt. Anscheinend sind die Winnetou Filme \u00fcberall dort gedreht worden wo es Wasser in Kroatien gab &#8211; na ja wems gef\u00e4llt. Also die Idee die Krka Wasserf\u00e4lle bei schlechtem Wetter zu besuchen war gar nicht schlecht. So waren wenigstens weniger Leute da. Denn bei sch\u00f6nem Wetter geht&#8217;s hier wahrscheinlich zu wie im Disneyland.<\/p>\n<p><a href=\"http:\/\/www.moto-adventure.net\/wp-content\/uploads\/2014\/07\/14-5-07.jpg\"><img loading=\"lazy\" class=\"aligncenter size-full wp-image-989\" src=\"http:\/\/www.moto-adventure.net\/wp-content\/uploads\/2014\/07\/14-5-07.jpg\" alt=\"14-5-07\" width=\"600\" height=\"450\" srcset=\"http:\/\/www.moto-adventure.net\/wp-content\/uploads\/2014\/07\/14-5-07.jpg 600w, http:\/\/www.moto-adventure.net\/wp-content\/uploads\/2014\/07\/14-5-07-300x225.jpg 300w\" sizes=\"(max-width: 600px) 100vw, 600px\" \/><\/a><\/p>\n<p>Tag 8 verbrachten wir mit Faulenzen und essen gehen.<\/p>\n<p><a href=\"http:\/\/www.moto-adventure.net\/wp-content\/uploads\/2014\/07\/14-5-04.jpg\"><img loading=\"lazy\" class=\"aligncenter size-full wp-image-987\" src=\"http:\/\/www.moto-adventure.net\/wp-content\/uploads\/2014\/07\/14-5-08.jpg\" alt=\"14-5-08\" width=\"600\" height=\"450\" \/><\/a><\/p>\n<a href=\"http:\/\/tinyurl.com\/myj65yk\">Tag 9: Pakostane (HR) - Slano (HR)<\/a>\n","protected":false},"excerpt":{"rendered":"<p>Wegen des anhaltend bescheidenen Wetters in den Bergen haben wir beschlossen in der Region zu bleiben und den f\u00fcr sp\u00e4ter geplanten Besuch der Krka Wasserf\u00e4lle nahe Lozovac vorzuziehen um dann sp\u00e4ter die Schleife der Tour etwas k\u00fcrzer fahren zu k\u00f6nnen. Auch weil die Bronchitis sich noch nicht so von Karin verabschieden wollte. Die Wirtin liess aber nichts unversucht um wenigstens&hellip; <a href=\"http:\/\/www.moto-adventure.net\/?page_id=992\">(more&#8230;)<\/a><\/p>\n","protected":false},"author":752,"featured_media":0,"parent":37,"menu_order":6,"comment_status":"open","ping_status":"closed","template":"","meta":[],"_links":{"self":[{"href":"http:\/\/www.moto-adventure.net\/index.php?rest_route=\/wp\/v2\/pages\/992"}],"collection":[{"href":"http:\/\/www.moto-adventure.net\/index.php?rest_route=\/wp\/v2\/pages"}],"about":[{"href":"http:\/\/www.moto-adventure.net\/index.php?rest_route=\/wp\/v2\/types\/page"}],"author":[{"embeddable":true,"href":"http:\/\/www.moto-adventure.net\/index.php?rest_route=\/wp\/v2\/users\/752"}],"replies":[{"embeddable":true,"href":"http:\/\/www.moto-adventure.net\/index.php?rest_route=%2Fwp%2Fv2%2Fcomments&post=992"}],"version-history":[{"count":8,"href":"http:\/\/www.moto-adventure.net\/index.php?rest_route=\/wp\/v2\/pages\/992\/revisions"}],"predecessor-version":[{"id":1022,"href":"http:\/\/www.moto-adventure.net\/index.php?rest_route=\/wp\/v2\/pages\/992\/revisions\/1022"}],"up":[{"embeddable":true,"href":"http:\/\/www.moto-adventure.net\/index.php?rest_route=\/wp\/v2\/pages\/37"}],"wp:attachment":[{"href":"http:\/\/www.moto-adventure.net\/index.php?rest_route=%2Fwp%2Fv2%2Fmedia&parent=992"}],"curies":[{"name":"wp","href":"https:\/\/api.w.org\/{rel}","templated":true}]}}