{"id":910,"date":"2014-06-22T12:17:32","date_gmt":"2014-06-22T12:17:32","guid":{"rendered":"http:\/\/www.moto-adventure.net\/?page_id=910"},"modified":"2014-07-13T10:38:55","modified_gmt":"2014-07-13T10:38:55","slug":"tag-5-kocevje-slo-pakostane-hr","status":"publish","type":"page","link":"http:\/\/www.moto-adventure.net\/?page_id=910","title":{"rendered":"Tag 6: Kocevje (SLO) &#8211; Pakostane (HR)"},"content":{"rendered":"<p><img loading=\"lazy\" src=\"http:\/\/www.moto-adventure.net\/wp-content\/uploads\/2014\/06\/HR-1.jpg\" alt=\"\" width=\"600\" height=\"268\" \/><\/p>\n<p>Am 5. Tag hatten wir nach unserem verregneten Tag gestern eine Regenl\u00fccke im Wetterbericht ausgemacht. Diese nutzten wir nat\u00fcrlich sofort um weiterzufahren. Also ging es auf Richtung kroatischer Grenze, welche ja nicht allzuweit von Kojevce entfernt liegt.<\/p>\n<p><img loading=\"lazy\" src=\"http:\/\/www.moto-adventure.net\/wp-content\/uploads\/2014\/06\/HR-2.jpg\" alt=\"\" width=\"600\" height=\"450\" \/><\/p>\n<p>Als n\u00e4chstes Ziel hatten wir uns die Plitvicer Seen ausgesucht, wo der Winnetou Film der Schatz im Silbersee gedreht wurde. Mittlerweile hatte uns allerdings auch schon wieder fast der Regen eingeholt.\u00a0<\/p>\n<p><img loading=\"lazy\" src=\"http:\/\/www.moto-adventure.net\/wp-content\/uploads\/2014\/07\/14-5-01.jpg\" alt=\"\" width=\"600\" height=\"400\" \/><\/p>\n<p><code><code>\u00a0<\/code><\/code><\/p>\n<p>Angekommen an den Plitvicer Seen, waren wir einigerma\u00dfen \u00fcberrascht. Es ging zu wie in Disneyworld. Ganze Horden von Reisbussen mit dementsprechend vielen Fussg\u00e4ngern. Das war definitiv nicht unser&#8217;s. Auch weil wir nicht nass werden wollten und auch nicht einen halben Tag f\u00fcr die Besichtigung investieren wollten, fuhren wir nach einer kurzen Pause weiter. Interessanterweise trafen wir hier auch wieder die Motorradfahrer, mit denen wir nach dem Grossglockner in der Pizzeria verbracht haben. So klein ist die Welt. Aber mittlerweile wundert mich eh nix mehr.<\/p>\n<p><img loading=\"lazy\" src=\"http:\/\/www.moto-adventure.net\/wp-content\/uploads\/2014\/07\/14-5-2.jpg\" alt=\"\" width=\"600\" height=\"330\" \/><\/p>\n<p>Angekommen in Pakostane hatten wir wieder mal das Problem ein Zimmer zu finden. Wie immer in letzter Zeit hatten die meisten Hotels geschlossen. Aber wir hatten Gl\u00fcck.<\/p>\n<p><img loading=\"lazy\" src=\"http:\/\/www.moto-adventure.net\/wp-content\/uploads\/2014\/06\/HR-3.jpg\" alt=\"\" width=\"600\" height=\"303\" \/><\/p>\n<p>Das Wetter wurde schon wieder schlechter. Es war Regen f\u00fcr den gesamten Balkan gemeldet. Es sollten die gr\u00f6\u00dften Niederschlagsmengen werden, die die letzten 125 Jahre gemessen wurden. Es wird auch erst seit 125 Jahren das Wetter systematisch aufgezeichnet. Besonders hart traf es Bosnien-Herzegovina und Serbien. Das war genau die Richtung in die wir fahren wollten. Die Tara Schlucht und Mostar w\u00e4ren die n\u00e4chsten Ziele gewesen.<\/p>\n<a href=\"http:\/\/tinyurl.com\/pb7zbj7\">Flut auf dem Balkan auf Tagesschau.de<\/a>\n<p>&nbsp;<\/p>\n<p>Sp\u00e4testens ab jetzt war die gesamte Tourplanung hinf\u00e4llig. Statt Landkarte bestimmte ab nun der Wetterbericht die Reiseroute.<\/p>\n<p><img loading=\"lazy\" src=\"http:\/\/www.moto-adventure.net\/wp-content\/uploads\/2014\/07\/14-5-03.jpg\" alt=\"\" width=\"600\" height=\"450\" \/><\/p>\n<p>&nbsp;<\/p>\n<a href=\"http:\/\/www.moto-adventure.net\/?page_id=992\">Tag 7+8: Pakostane und Krka Wasserf\u00e4lle (HR)<\/a>\n","protected":false},"excerpt":{"rendered":"<p>Am 5. Tag hatten wir nach unserem verregneten Tag gestern eine Regenl\u00fccke im Wetterbericht ausgemacht. Diese nutzten wir nat\u00fcrlich sofort um weiterzufahren. Also ging es auf Richtung kroatischer Grenze, welche ja nicht allzuweit von Kojevce entfernt liegt. Als n\u00e4chstes Ziel hatten wir uns die Plitvicer Seen ausgesucht, wo der Winnetou Film der Schatz im Silbersee gedreht wurde. Mittlerweile hatte uns&hellip; <a href=\"http:\/\/www.moto-adventure.net\/?page_id=910\">(more&#8230;)<\/a><\/p>\n","protected":false},"author":752,"featured_media":0,"parent":37,"menu_order":4,"comment_status":"open","ping_status":"closed","template":"","meta":[],"_links":{"self":[{"href":"http:\/\/www.moto-adventure.net\/index.php?rest_route=\/wp\/v2\/pages\/910"}],"collection":[{"href":"http:\/\/www.moto-adventure.net\/index.php?rest_route=\/wp\/v2\/pages"}],"about":[{"href":"http:\/\/www.moto-adventure.net\/index.php?rest_route=\/wp\/v2\/types\/page"}],"author":[{"embeddable":true,"href":"http:\/\/www.moto-adventure.net\/index.php?rest_route=\/wp\/v2\/users\/752"}],"replies":[{"embeddable":true,"href":"http:\/\/www.moto-adventure.net\/index.php?rest_route=%2Fwp%2Fv2%2Fcomments&post=910"}],"version-history":[{"count":24,"href":"http:\/\/www.moto-adventure.net\/index.php?rest_route=\/wp\/v2\/pages\/910\/revisions"}],"predecessor-version":[{"id":1000,"href":"http:\/\/www.moto-adventure.net\/index.php?rest_route=\/wp\/v2\/pages\/910\/revisions\/1000"}],"up":[{"embeddable":true,"href":"http:\/\/www.moto-adventure.net\/index.php?rest_route=\/wp\/v2\/pages\/37"}],"wp:attachment":[{"href":"http:\/\/www.moto-adventure.net\/index.php?rest_route=%2Fwp%2Fv2%2Fmedia&parent=910"}],"curies":[{"name":"wp","href":"https:\/\/api.w.org\/{rel}","templated":true}]}}