{"id":883,"date":"2014-06-22T05:42:36","date_gmt":"2014-06-22T05:42:36","guid":{"rendered":"http:\/\/www.moto-adventure.net\/?page_id=883"},"modified":"2014-07-13T03:55:24","modified_gmt":"2014-07-13T03:55:24","slug":"tag-3","status":"publish","type":"page","link":"http:\/\/www.moto-adventure.net\/?page_id=883","title":{"rendered":"Tag 3: Karawanken und Slowenien"},"content":{"rendered":"<p><img loading=\"lazy\" src=\"http:\/\/www.moto-adventure.net\/wp-content\/uploads\/2014\/06\/P1000703.jpg\" alt=\"\" width=\"600\" height=\"188\" \/><\/p>\n<p>Ein Blick aus dem Fenster des Zimmers zeigte uns das das Wetter seit gestern Abend nicht besser geworden ist &#8211; nur leicht trockener. Zu allem \u00dcberfluss ist auch das Brillengestell meiner Freundin gebrochen. Es muss also Ersatz her. Ein Gespr\u00e4ch mit den Wirtsleuten erbrachte, dass in Villach ein Optiker in einem gro\u00dfen Einkaufszentrum sein soll. Also nix wie hin. In Rekordzeit von gut einer Stunde schraubte der Optiker eine neue Brille mit den alten Gl\u00e4sern zusammen, so dass wir noch vor Mittag weiterkamen.<\/p>\n<p><img loading=\"lazy\" src=\"http:\/\/www.moto-adventure.net\/wp-content\/uploads\/2014\/06\/P1000765.jpg\" alt=\"\" width=\"600\" height=\"450\" \/><\/p>\n<p>In Anbetracht des schlechten Wetters und der Tatsache, dass es in der letzten Nacht auf dem Vrsic Pass geschneit hat, liessen wir den Vrsic Pass und den Triglav Nationalpark fallen, was das n\u00e4chste Ziel sein sollte. Stattdessen fuhren wir durch den Karawankentunnel Richtung Ljubiljana, wo dann auch das Wetter besser wurde.<\/p>\n<p>Nach einer kurzen Rast bei Ljubiljana entschlossen wir uns noch ein Paar Kilometer zu machen. Die Stra\u00dfen wurden richtig angenehm und das Wetter spielte auch mit.<\/p>\n<p><img loading=\"lazy\" src=\"http:\/\/www.moto-adventure.net\/wp-content\/uploads\/2014\/06\/SLO-1.jpg\" alt=\"\" width=\"600\" height=\"345\" \/><\/p>\n<p>Ruckzuck waren wir in Kocevje. Laut Navi gibt&#8217;s hier genau 2 Hotels. Das erste hatte wie schon beinahe \u00fcblich geschlossen, das Zweite hatte gerade eben so offen. Also nix wie rein. Parken konnten wir auf der Terrasse &#8211; klar wo denn sonst.<\/p>\n<p><img loading=\"lazy\" src=\"http:\/\/www.moto-adventure.net\/wp-content\/uploads\/2014\/06\/P1000767.jpg\" alt=\"\" width=\"600\" height=\"450\" \/><\/p>\n<p>Also erst mal was essen und in die Heia.<\/p>\n<a href=\"http:\/\/tinyurl.com\/ohobwfn\">Tag 4: Kocevje (SLO)<\/a>\n","protected":false},"excerpt":{"rendered":"<p>Ein Blick aus dem Fenster des Zimmers zeigte uns das das Wetter seit gestern Abend nicht besser geworden ist &#8211; nur leicht trockener. Zu allem \u00dcberfluss ist auch das Brillengestell meiner Freundin gebrochen. Es muss also Ersatz her. Ein Gespr\u00e4ch mit den Wirtsleuten erbrachte, dass in Villach ein Optiker in einem gro\u00dfen Einkaufszentrum sein soll. Also nix wie hin. In&hellip; <a href=\"http:\/\/www.moto-adventure.net\/?page_id=883\">(more&#8230;)<\/a><\/p>\n","protected":false},"author":752,"featured_media":0,"parent":37,"menu_order":2,"comment_status":"open","ping_status":"closed","template":"","meta":[],"_links":{"self":[{"href":"http:\/\/www.moto-adventure.net\/index.php?rest_route=\/wp\/v2\/pages\/883"}],"collection":[{"href":"http:\/\/www.moto-adventure.net\/index.php?rest_route=\/wp\/v2\/pages"}],"about":[{"href":"http:\/\/www.moto-adventure.net\/index.php?rest_route=\/wp\/v2\/types\/page"}],"author":[{"embeddable":true,"href":"http:\/\/www.moto-adventure.net\/index.php?rest_route=\/wp\/v2\/users\/752"}],"replies":[{"embeddable":true,"href":"http:\/\/www.moto-adventure.net\/index.php?rest_route=%2Fwp%2Fv2%2Fcomments&post=883"}],"version-history":[{"count":13,"href":"http:\/\/www.moto-adventure.net\/index.php?rest_route=\/wp\/v2\/pages\/883\/revisions"}],"predecessor-version":[{"id":948,"href":"http:\/\/www.moto-adventure.net\/index.php?rest_route=\/wp\/v2\/pages\/883\/revisions\/948"}],"up":[{"embeddable":true,"href":"http:\/\/www.moto-adventure.net\/index.php?rest_route=\/wp\/v2\/pages\/37"}],"wp:attachment":[{"href":"http:\/\/www.moto-adventure.net\/index.php?rest_route=%2Fwp%2Fv2%2Fmedia&parent=883"}],"curies":[{"name":"wp","href":"https:\/\/api.w.org\/{rel}","templated":true}]}}