{"id":850,"date":"2014-06-09T06:02:14","date_gmt":"2014-06-09T06:02:14","guid":{"rendered":"http:\/\/www.moto-adventure.net\/?page_id=850"},"modified":"2014-07-27T13:49:06","modified_gmt":"2014-07-27T13:49:06","slug":"tag-1","status":"publish","type":"page","link":"http:\/\/www.moto-adventure.net\/?page_id=850","title":{"rendered":"Tag 1: Die Abfahrt"},"content":{"rendered":"<p>Tag 1: Endlich geht&#8217;s los<\/p>\n<p><img loading=\"lazy\" src=\"http:\/\/www.moto-adventure.net\/wp-content\/uploads\/2014\/06\/P1000722.jpg\" alt=\"\" width=\"600\" height=\"450\" \/><\/p>\n<p>Vor dem Vergn\u00fcgen kommt bekanntlich erst mal die Arbeit. Alles zusammensuchen und die Mopeds bepacken. Da wir in der Hauptsache zelten wollen f\u00e4llt nat\u00fcrlich auch dementsprechend mehr Gep\u00e4ck an. Pro Motorrad sind es dann so etwa 35 KG die zus\u00e4tzlich bewegt werden wollen. Bei sch\u00f6nem Wetter geht&#8217;s los auf der Autobahn \u00fcber M\u00fcnchen und Traunstein nach Zell am See.<\/p>\n<p><img loading=\"lazy\" src=\"http:\/\/www.moto-adventure.net\/wp-content\/uploads\/2014\/06\/P1000728.jpg\" alt=\"\" width=\"600\" height=\"450\" \/><\/p>\n<p>Nach einem kurzen Stop an der Tanke zwecks Vignettenkauf gings rein nach \u00d6sterreich.<\/p>\n<p>&nbsp;<\/p>\n<p>In Zell am See wollten wir uns dann ein Zimmer suchen, denn f\u00fcr den ersten Tag sollte es genug sein. Zu unserer Verwunderung stellten wir dann fest das es in der Touristenhochburg Zell am See kein einziges Zimmer zu geben schien. Wir waren zu fr\u00fch und die Saison hatte dort noch nicht begonnen. Die Touristeninformation hatte nat\u00fcrlich auch schon zu &#8211; es war bereits nach 17 Uhr. Also ins n\u00e4chstbeste Restaurant rein und um Rat gefragt. Wir wurden an eine Privatpension verwiesen. Aber auch dort war geschlossen. Nun war guter Rat teuer. Nach einigem \u00fcberlegen fiel mir eine Freundin ein, die vor etwa 20 Jahren nach \u00d6sterreich geheiratet hatte und in Rauris lebte. Also etwa 25 Kilometer von unserem derzeitigen Standort entfernt. Also kurz \u00fcberfallartig angerufen und unser Problem erkl\u00e4rt. Sie brachte es tats\u00e4chlich fertig in Rauris ein Doppelzimmer f\u00fcr uns zu buchen &#8211; in einem Hundehotel ?! Ich wusste garnicht das es sowas gibt, aber man lernt ja nie aus. Uns war&#8217;s egal &#8211; Hauptsache Bett und was zu essen.<span style=\"color: #ffffff;\">.<\/span><\/p>\n<a href=\"http:\/\/tinyurl.com\/o2c3avw\">Tag 2: Der Grossglockner<\/a>\n","protected":false},"excerpt":{"rendered":"<p>Tag 1: Endlich geht&#8217;s los Vor dem Vergn\u00fcgen kommt bekanntlich erst mal die Arbeit. Alles zusammensuchen und die Mopeds bepacken. Da wir in der Hauptsache zelten wollen f\u00e4llt nat\u00fcrlich auch dementsprechend mehr Gep\u00e4ck an. Pro Motorrad sind es dann so etwa 35 KG die zus\u00e4tzlich bewegt werden wollen. Bei sch\u00f6nem Wetter geht&#8217;s los auf der Autobahn \u00fcber M\u00fcnchen und Traunstein&hellip; <a href=\"http:\/\/www.moto-adventure.net\/?page_id=850\">(more&#8230;)<\/a><\/p>\n","protected":false},"author":752,"featured_media":0,"parent":37,"menu_order":0,"comment_status":"open","ping_status":"open","template":"","meta":[],"_links":{"self":[{"href":"http:\/\/www.moto-adventure.net\/index.php?rest_route=\/wp\/v2\/pages\/850"}],"collection":[{"href":"http:\/\/www.moto-adventure.net\/index.php?rest_route=\/wp\/v2\/pages"}],"about":[{"href":"http:\/\/www.moto-adventure.net\/index.php?rest_route=\/wp\/v2\/types\/page"}],"author":[{"embeddable":true,"href":"http:\/\/www.moto-adventure.net\/index.php?rest_route=\/wp\/v2\/users\/752"}],"replies":[{"embeddable":true,"href":"http:\/\/www.moto-adventure.net\/index.php?rest_route=%2Fwp%2Fv2%2Fcomments&post=850"}],"version-history":[{"count":12,"href":"http:\/\/www.moto-adventure.net\/index.php?rest_route=\/wp\/v2\/pages\/850\/revisions"}],"predecessor-version":[{"id":1052,"href":"http:\/\/www.moto-adventure.net\/index.php?rest_route=\/wp\/v2\/pages\/850\/revisions\/1052"}],"up":[{"embeddable":true,"href":"http:\/\/www.moto-adventure.net\/index.php?rest_route=\/wp\/v2\/pages\/37"}],"wp:attachment":[{"href":"http:\/\/www.moto-adventure.net\/index.php?rest_route=%2Fwp%2Fv2%2Fmedia&parent=850"}],"curies":[{"name":"wp","href":"https:\/\/api.w.org\/{rel}","templated":true}]}}