{"id":848,"date":"2014-06-10T06:57:52","date_gmt":"2014-06-10T06:57:52","guid":{"rendered":"http:\/\/www.moto-adventure.net\/?page_id=848"},"modified":"2014-06-22T15:11:40","modified_gmt":"2014-06-22T15:11:40","slug":"tag-2","status":"publish","type":"page","link":"http:\/\/www.moto-adventure.net\/?page_id=848","title":{"rendered":"Tag 2: Der Grossglockner"},"content":{"rendered":"<p><img loading=\"lazy\" alt=\"\" src=\"http:\/\/www.moto-adventure.net\/wp-content\/uploads\/2014\/06\/Gross1.jpg\" width=\"600\" height=\"276\" \/><\/p>\n<p>\u00a0Das Wetter oben auf dem Grossglockner empfing uns mit herrlichem Nebel. Zun\u00e4chst hofften wir das es oben auf etwa 2500m H\u00f6he aufreisst und wir was sehen konnten &#8211; leider sah es dann am Gletscher nicht viel besser aus.\u00a0 F\u00fcr den Schn\u00e4ppchenpreis von 24 Euro pro Moped, sollte es wenigstens was zu sehen geben. Gab es aber kaum.<\/p>\n<p><img loading=\"lazy\" alt=\"\" src=\"http:\/\/www.moto-adventure.net\/wp-content\/uploads\/2014\/06\/P1000740.jpg\" width=\"600\" height=\"450\" \/><\/p>\n<p>Erst auf dem Weg Richtung Gletscher konnte man dann endlich mal die Stra\u00dfe sehen. Insgesamt wars aber dennoch eher Mau mit der Fernsicht. Den vielen Ansichtskarten nach soll&#8217;s hier oben auch Berge geben. Na ja, auf der letzten Fahrt waren sie ja auch noch da.<\/p>\n<p><img loading=\"lazy\" alt=\"\" src=\"http:\/\/www.moto-adventure.net\/wp-content\/uploads\/2014\/06\/Gletscher.jpg\" width=\"600\" height=\"334\" \/><\/p>\n<p><img loading=\"lazy\" alt=\"\" src=\"http:\/\/www.moto-adventure.net\/wp-content\/uploads\/2014\/06\/P1000747.jpg\" width=\"600\" height=\"450\" \/><\/p>\n<p>Auf der fahrt weiter Richtung S\u00fcden sollte das Wetter aber nicht besser werden &#8211; eher feuchter. Nach einem Zwischenstopp in einer Pizzeria, gings dann endg\u00fcltig weiter bei herrlich k\u00fchlendem Regen Richtung n\u00e4chstes Hotel in Feistritz.<\/p>\n<p><img loading=\"lazy\" alt=\"\" src=\"http:\/\/www.moto-adventure.net\/wp-content\/uploads\/2014\/06\/P1000752.jpg\" width=\"600\" height=\"450\" \/><\/p>\n<p>&nbsp;<\/p>\n<a href=\"http:\/\/tinyurl.com\/kreykkc\">Tag 3: Karawanken und Slowenien<\/a>\n","protected":false},"excerpt":{"rendered":"<p>\u00a0Das Wetter oben auf dem Grossglockner empfing uns mit herrlichem Nebel. Zun\u00e4chst hofften wir das es oben auf etwa 2500m H\u00f6he aufreisst und wir was sehen konnten &#8211; leider sah es dann am Gletscher nicht viel besser aus.\u00a0 F\u00fcr den Schn\u00e4ppchenpreis von 24 Euro pro Moped, sollte es wenigstens was zu sehen geben. Gab es aber kaum. Erst auf dem&hellip; <a href=\"http:\/\/www.moto-adventure.net\/?page_id=848\">(more&#8230;)<\/a><\/p>\n","protected":false},"author":752,"featured_media":0,"parent":37,"menu_order":1,"comment_status":"open","ping_status":"closed","template":"","meta":[],"_links":{"self":[{"href":"http:\/\/www.moto-adventure.net\/index.php?rest_route=\/wp\/v2\/pages\/848"}],"collection":[{"href":"http:\/\/www.moto-adventure.net\/index.php?rest_route=\/wp\/v2\/pages"}],"about":[{"href":"http:\/\/www.moto-adventure.net\/index.php?rest_route=\/wp\/v2\/types\/page"}],"author":[{"embeddable":true,"href":"http:\/\/www.moto-adventure.net\/index.php?rest_route=\/wp\/v2\/users\/752"}],"replies":[{"embeddable":true,"href":"http:\/\/www.moto-adventure.net\/index.php?rest_route=%2Fwp%2Fv2%2Fcomments&post=848"}],"version-history":[{"count":11,"href":"http:\/\/www.moto-adventure.net\/index.php?rest_route=\/wp\/v2\/pages\/848\/revisions"}],"predecessor-version":[{"id":931,"href":"http:\/\/www.moto-adventure.net\/index.php?rest_route=\/wp\/v2\/pages\/848\/revisions\/931"}],"up":[{"embeddable":true,"href":"http:\/\/www.moto-adventure.net\/index.php?rest_route=\/wp\/v2\/pages\/37"}],"wp:attachment":[{"href":"http:\/\/www.moto-adventure.net\/index.php?rest_route=%2Fwp%2Fv2%2Fmedia&parent=848"}],"curies":[{"name":"wp","href":"https:\/\/api.w.org\/{rel}","templated":true}]}}