{"id":2391,"date":"2020-06-14T16:50:09","date_gmt":"2020-06-14T16:50:09","guid":{"rendered":"http:\/\/www.moto-adventure.net\/?page_id=2391"},"modified":"2020-12-27T11:14:16","modified_gmt":"2020-12-27T11:14:16","slug":"coronatour","status":"publish","type":"page","link":"http:\/\/www.moto-adventure.net\/?page_id=2391","title":{"rendered":"Coronatour"},"content":{"rendered":"\n<p>&#8230; oder wie macht man eine Tour bei einer 100km Ausgangsbeschr\u00e4nkung<\/p>\n\n\n\n<figure class=\"wp-block-image is-resized\"><img src=\"http:\/\/www.moto-adventure.net\/wp-content\/uploads\/2020\/06\/20200517_081704-1024x768.jpg\" alt=\"\" class=\"wp-image-2403\" height=\"450\" srcset=\"http:\/\/www.moto-adventure.net\/wp-content\/uploads\/2020\/06\/20200517_081704-1024x768.jpg 1024w, http:\/\/www.moto-adventure.net\/wp-content\/uploads\/2020\/06\/20200517_081704-300x225.jpg 300w, http:\/\/www.moto-adventure.net\/wp-content\/uploads\/2020\/06\/20200517_081704-768x576.jpg 768w\" sizes=\"(max-width: 1024px) 100vw, 1024px\" \/><\/figure>\n\n\n\n<p><\/p>\n\n\n\n<p>Das Jahr 2020 war bis jetzt anders als wir wohl alle geplant haben. Das meiste wurde abgesagt was wir uns vorgenommen hatten und etliches verschoben &#8211; meist bis in das n\u00e4chste Jahr hinein. Ebenso war Anfang des Jahres ab M\u00e4rz eine Ausgangssperre gegeben, dessen Folgen wir gerade eben mal \u00fcberwunden haben. Wenn nicht noch ein 2. Nachschlag kommt.<\/p>\n\n\n\n<p><\/p>\n\n\n\n<figure class=\"wp-block-image is-resized\"><img src=\"http:\/\/www.moto-adventure.net\/wp-content\/uploads\/2020\/06\/20200516_132804-e1592151399234-768x1024.jpg\" alt=\"\" class=\"wp-image-2401\" width=\"450\" srcset=\"http:\/\/www.moto-adventure.net\/wp-content\/uploads\/2020\/06\/20200516_132804-e1592151399234-768x1024.jpg 768w, http:\/\/www.moto-adventure.net\/wp-content\/uploads\/2020\/06\/20200516_132804-e1592151399234-225x300.jpg 225w\" sizes=\"(max-width: 768px) 100vw, 768px\" \/><\/figure>\n\n\n\n<p><\/p>\n\n\n\n<p>Also habe ich die Gelegenheit genutzt um mit der vor kurzem gewonnenen Ausfahrtm\u00f6glichkeit mal eine Tour im 100 Umkreis zu machen und so zu erfahren was direkt vor der Haust\u00fcr geht. Gl\u00fccklicherweise haben wir auch schnuckelige Str\u00e4\u00dfchen direkt hier. <\/p>\n\n\n\n<p>Also habe ich mir zum Ziel gemacht die Departementgrenzen abzufahren die alle im 100 km Bereich liegen um zu schauen was es so gibt. Gefahren bin ich etwa von der H\u00f6he Wissembourg bis etwa H\u00f6he Strasbourg. Die P\u00e4sse weiter s\u00fcdlich sollten in einer zweiten Ausfahrt folgen, die jedoch leider nie stattfand, da ich leider eine Panne hatte und vorzeitig umkehren musste. Dazu an anderer Stelle mehr.<\/p>\n\n\n\n\n\n\n<figure class=\"wp-block-gallery columns-3 is-cropped\"><ul class=\"blocks-gallery-grid\"><li class=\"blocks-gallery-item\"><figure><img loading=\"lazy\" width=\"1024\" height=\"768\" src=\"http:\/\/www.moto-adventure.net\/wp-content\/uploads\/2020\/06\/20200521_115320-e1592152130497-1024x768.jpg\" alt=\"\" data-id=\"2422\" data-link=\"http:\/\/www.moto-adventure.net\/?attachment_id=2422\" class=\"wp-image-2422\" srcset=\"http:\/\/www.moto-adventure.net\/wp-content\/uploads\/2020\/06\/20200521_115320-e1592152130497-1024x768.jpg 1024w, http:\/\/www.moto-adventure.net\/wp-content\/uploads\/2020\/06\/20200521_115320-e1592152130497-300x225.jpg 300w, http:\/\/www.moto-adventure.net\/wp-content\/uploads\/2020\/06\/20200521_115320-e1592152130497-768x576.jpg 768w\" sizes=\"(max-width: 1024px) 100vw, 1024px\" \/><\/figure><\/li><li class=\"blocks-gallery-item\"><figure><img loading=\"lazy\" width=\"1024\" height=\"768\" src=\"http:\/\/www.moto-adventure.net\/wp-content\/uploads\/2020\/06\/IMG-20200517-WA0002-1024x768.jpg\" alt=\"\" data-id=\"2421\" data-link=\"http:\/\/www.moto-adventure.net\/?attachment_id=2421\" class=\"wp-image-2421\" srcset=\"http:\/\/www.moto-adventure.net\/wp-content\/uploads\/2020\/06\/IMG-20200517-WA0002-1024x768.jpg 1024w, http:\/\/www.moto-adventure.net\/wp-content\/uploads\/2020\/06\/IMG-20200517-WA0002-300x225.jpg 300w, http:\/\/www.moto-adventure.net\/wp-content\/uploads\/2020\/06\/IMG-20200517-WA0002-768x576.jpg 768w, http:\/\/www.moto-adventure.net\/wp-content\/uploads\/2020\/06\/IMG-20200517-WA0002.jpg 1600w\" sizes=\"(max-width: 1024px) 100vw, 1024px\" \/><\/figure><\/li><li class=\"blocks-gallery-item\"><figure><img loading=\"lazy\" width=\"1024\" height=\"768\" src=\"http:\/\/www.moto-adventure.net\/wp-content\/uploads\/2020\/06\/20200521_115421-1024x768.jpg\" alt=\"\" data-id=\"2419\" data-link=\"http:\/\/www.moto-adventure.net\/?attachment_id=2419\" class=\"wp-image-2419\" srcset=\"http:\/\/www.moto-adventure.net\/wp-content\/uploads\/2020\/06\/20200521_115421-1024x768.jpg 1024w, http:\/\/www.moto-adventure.net\/wp-content\/uploads\/2020\/06\/20200521_115421-300x225.jpg 300w, http:\/\/www.moto-adventure.net\/wp-content\/uploads\/2020\/06\/20200521_115421-768x576.jpg 768w\" sizes=\"(max-width: 1024px) 100vw, 1024px\" \/><\/figure><\/li><li class=\"blocks-gallery-item\"><figure><img loading=\"lazy\" width=\"1024\" height=\"768\" src=\"http:\/\/www.moto-adventure.net\/wp-content\/uploads\/2020\/06\/20200521_115322-1024x768.jpg\" alt=\"\" data-id=\"2418\" data-link=\"http:\/\/www.moto-adventure.net\/?attachment_id=2418\" class=\"wp-image-2418\" srcset=\"http:\/\/www.moto-adventure.net\/wp-content\/uploads\/2020\/06\/20200521_115322-1024x768.jpg 1024w, http:\/\/www.moto-adventure.net\/wp-content\/uploads\/2020\/06\/20200521_115322-300x225.jpg 300w, http:\/\/www.moto-adventure.net\/wp-content\/uploads\/2020\/06\/20200521_115322-768x576.jpg 768w\" sizes=\"(max-width: 1024px) 100vw, 1024px\" \/><\/figure><\/li><li class=\"blocks-gallery-item\"><figure><img loading=\"lazy\" width=\"1024\" height=\"768\" src=\"http:\/\/www.moto-adventure.net\/wp-content\/uploads\/2020\/06\/20200517_120220-1024x768.jpg\" alt=\"\" data-id=\"2417\" data-link=\"http:\/\/www.moto-adventure.net\/?attachment_id=2417\" class=\"wp-image-2417\" srcset=\"http:\/\/www.moto-adventure.net\/wp-content\/uploads\/2020\/06\/20200517_120220-1024x768.jpg 1024w, http:\/\/www.moto-adventure.net\/wp-content\/uploads\/2020\/06\/20200517_120220-300x225.jpg 300w, http:\/\/www.moto-adventure.net\/wp-content\/uploads\/2020\/06\/20200517_120220-768x576.jpg 768w\" sizes=\"(max-width: 1024px) 100vw, 1024px\" \/><\/figure><\/li><li class=\"blocks-gallery-item\"><figure><img loading=\"lazy\" width=\"1024\" height=\"768\" src=\"http:\/\/www.moto-adventure.net\/wp-content\/uploads\/2020\/06\/20200517_120220-Kopie-1024x768.jpg\" alt=\"\" data-id=\"2416\" data-link=\"http:\/\/www.moto-adventure.net\/?attachment_id=2416\" class=\"wp-image-2416\" srcset=\"http:\/\/www.moto-adventure.net\/wp-content\/uploads\/2020\/06\/20200517_120220-Kopie-1024x768.jpg 1024w, http:\/\/www.moto-adventure.net\/wp-content\/uploads\/2020\/06\/20200517_120220-Kopie-300x225.jpg 300w, http:\/\/www.moto-adventure.net\/wp-content\/uploads\/2020\/06\/20200517_120220-Kopie-768x576.jpg 768w\" sizes=\"(max-width: 1024px) 100vw, 1024px\" \/><\/figure><\/li><li class=\"blocks-gallery-item\"><figure><img loading=\"lazy\" width=\"1024\" height=\"768\" src=\"http:\/\/www.moto-adventure.net\/wp-content\/uploads\/2020\/06\/20200517_120201-1024x768.jpg\" alt=\"\" data-id=\"2415\" data-link=\"http:\/\/www.moto-adventure.net\/?attachment_id=2415\" class=\"wp-image-2415\" srcset=\"http:\/\/www.moto-adventure.net\/wp-content\/uploads\/2020\/06\/20200517_120201-1024x768.jpg 1024w, http:\/\/www.moto-adventure.net\/wp-content\/uploads\/2020\/06\/20200517_120201-300x225.jpg 300w, http:\/\/www.moto-adventure.net\/wp-content\/uploads\/2020\/06\/20200517_120201-768x576.jpg 768w\" sizes=\"(max-width: 1024px) 100vw, 1024px\" \/><\/figure><\/li><li class=\"blocks-gallery-item\"><figure><img loading=\"lazy\" width=\"1024\" height=\"768\" src=\"http:\/\/www.moto-adventure.net\/wp-content\/uploads\/2020\/06\/20200517_100456-1024x768.jpg\" alt=\"\" data-id=\"2414\" data-link=\"http:\/\/www.moto-adventure.net\/?attachment_id=2414\" class=\"wp-image-2414\" srcset=\"http:\/\/www.moto-adventure.net\/wp-content\/uploads\/2020\/06\/20200517_100456-1024x768.jpg 1024w, http:\/\/www.moto-adventure.net\/wp-content\/uploads\/2020\/06\/20200517_100456-300x225.jpg 300w, http:\/\/www.moto-adventure.net\/wp-content\/uploads\/2020\/06\/20200517_100456-768x576.jpg 768w\" sizes=\"(max-width: 1024px) 100vw, 1024px\" \/><\/figure><\/li><li class=\"blocks-gallery-item\"><figure><img loading=\"lazy\" width=\"1024\" height=\"768\" src=\"http:\/\/www.moto-adventure.net\/wp-content\/uploads\/2020\/06\/20200517_100441-1024x768.jpg\" alt=\"\" data-id=\"2413\" data-link=\"http:\/\/www.moto-adventure.net\/?attachment_id=2413\" class=\"wp-image-2413\" srcset=\"http:\/\/www.moto-adventure.net\/wp-content\/uploads\/2020\/06\/20200517_100441-1024x768.jpg 1024w, http:\/\/www.moto-adventure.net\/wp-content\/uploads\/2020\/06\/20200517_100441-300x225.jpg 300w, http:\/\/www.moto-adventure.net\/wp-content\/uploads\/2020\/06\/20200517_100441-768x576.jpg 768w\" sizes=\"(max-width: 1024px) 100vw, 1024px\" \/><\/figure><\/li><li class=\"blocks-gallery-item\"><figure><img loading=\"lazy\" width=\"1024\" height=\"768\" src=\"http:\/\/www.moto-adventure.net\/wp-content\/uploads\/2020\/06\/20200517_100437-1024x768.jpg\" alt=\"\" data-id=\"2412\" data-link=\"http:\/\/www.moto-adventure.net\/?attachment_id=2412\" class=\"wp-image-2412\" srcset=\"http:\/\/www.moto-adventure.net\/wp-content\/uploads\/2020\/06\/20200517_100437-1024x768.jpg 1024w, http:\/\/www.moto-adventure.net\/wp-content\/uploads\/2020\/06\/20200517_100437-300x225.jpg 300w, http:\/\/www.moto-adventure.net\/wp-content\/uploads\/2020\/06\/20200517_100437-768x576.jpg 768w\" sizes=\"(max-width: 1024px) 100vw, 1024px\" \/><\/figure><\/li><li class=\"blocks-gallery-item\"><figure><img loading=\"lazy\" width=\"1024\" height=\"768\" src=\"http:\/\/www.moto-adventure.net\/wp-content\/uploads\/2020\/06\/20200517_100431-1024x768.jpg\" alt=\"\" data-id=\"2411\" data-link=\"http:\/\/www.moto-adventure.net\/?attachment_id=2411\" class=\"wp-image-2411\" srcset=\"http:\/\/www.moto-adventure.net\/wp-content\/uploads\/2020\/06\/20200517_100431-1024x768.jpg 1024w, http:\/\/www.moto-adventure.net\/wp-content\/uploads\/2020\/06\/20200517_100431-300x225.jpg 300w, http:\/\/www.moto-adventure.net\/wp-content\/uploads\/2020\/06\/20200517_100431-768x576.jpg 768w\" sizes=\"(max-width: 1024px) 100vw, 1024px\" \/><\/figure><\/li><li class=\"blocks-gallery-item\"><figure><img loading=\"lazy\" width=\"1024\" height=\"768\" src=\"http:\/\/www.moto-adventure.net\/wp-content\/uploads\/2020\/06\/20200517_092916-1024x768.jpg\" alt=\"\" data-id=\"2410\" data-link=\"http:\/\/www.moto-adventure.net\/?attachment_id=2410\" class=\"wp-image-2410\" srcset=\"http:\/\/www.moto-adventure.net\/wp-content\/uploads\/2020\/06\/20200517_092916-1024x768.jpg 1024w, http:\/\/www.moto-adventure.net\/wp-content\/uploads\/2020\/06\/20200517_092916-300x225.jpg 300w, http:\/\/www.moto-adventure.net\/wp-content\/uploads\/2020\/06\/20200517_092916-768x576.jpg 768w\" sizes=\"(max-width: 1024px) 100vw, 1024px\" \/><\/figure><\/li><li class=\"blocks-gallery-item\"><figure><img loading=\"lazy\" width=\"1024\" height=\"768\" src=\"http:\/\/www.moto-adventure.net\/wp-content\/uploads\/2020\/06\/20200517_092256-1024x768.jpg\" alt=\"\" data-id=\"2409\" data-link=\"http:\/\/www.moto-adventure.net\/?attachment_id=2409\" class=\"wp-image-2409\" srcset=\"http:\/\/www.moto-adventure.net\/wp-content\/uploads\/2020\/06\/20200517_092256-1024x768.jpg 1024w, http:\/\/www.moto-adventure.net\/wp-content\/uploads\/2020\/06\/20200517_092256-300x225.jpg 300w, http:\/\/www.moto-adventure.net\/wp-content\/uploads\/2020\/06\/20200517_092256-768x576.jpg 768w\" sizes=\"(max-width: 1024px) 100vw, 1024px\" \/><\/figure><\/li><li class=\"blocks-gallery-item\"><figure><img loading=\"lazy\" width=\"1024\" height=\"768\" src=\"http:\/\/www.moto-adventure.net\/wp-content\/uploads\/2020\/06\/20200517_085436-1024x768.jpg\" alt=\"\" data-id=\"2408\" data-link=\"http:\/\/www.moto-adventure.net\/?attachment_id=2408\" class=\"wp-image-2408\" srcset=\"http:\/\/www.moto-adventure.net\/wp-content\/uploads\/2020\/06\/20200517_085436-1024x768.jpg 1024w, http:\/\/www.moto-adventure.net\/wp-content\/uploads\/2020\/06\/20200517_085436-300x225.jpg 300w, http:\/\/www.moto-adventure.net\/wp-content\/uploads\/2020\/06\/20200517_085436-768x576.jpg 768w\" sizes=\"(max-width: 1024px) 100vw, 1024px\" \/><\/figure><\/li><li class=\"blocks-gallery-item\"><figure><img loading=\"lazy\" width=\"1024\" height=\"768\" src=\"http:\/\/www.moto-adventure.net\/wp-content\/uploads\/2020\/06\/20200517_081936-1024x768.jpg\" alt=\"\" data-id=\"2407\" data-link=\"http:\/\/www.moto-adventure.net\/?attachment_id=2407\" class=\"wp-image-2407\" srcset=\"http:\/\/www.moto-adventure.net\/wp-content\/uploads\/2020\/06\/20200517_081936-1024x768.jpg 1024w, http:\/\/www.moto-adventure.net\/wp-content\/uploads\/2020\/06\/20200517_081936-300x225.jpg 300w, http:\/\/www.moto-adventure.net\/wp-content\/uploads\/2020\/06\/20200517_081936-768x576.jpg 768w\" sizes=\"(max-width: 1024px) 100vw, 1024px\" \/><\/figure><\/li><li class=\"blocks-gallery-item\"><figure><img loading=\"lazy\" width=\"1024\" height=\"768\" src=\"http:\/\/www.moto-adventure.net\/wp-content\/uploads\/2020\/06\/20200517_081720-1024x768.jpg\" alt=\"\" data-id=\"2406\" data-link=\"http:\/\/www.moto-adventure.net\/?attachment_id=2406\" class=\"wp-image-2406\" srcset=\"http:\/\/www.moto-adventure.net\/wp-content\/uploads\/2020\/06\/20200517_081720-1024x768.jpg 1024w, http:\/\/www.moto-adventure.net\/wp-content\/uploads\/2020\/06\/20200517_081720-300x225.jpg 300w, http:\/\/www.moto-adventure.net\/wp-content\/uploads\/2020\/06\/20200517_081720-768x576.jpg 768w\" sizes=\"(max-width: 1024px) 100vw, 1024px\" \/><\/figure><\/li><li class=\"blocks-gallery-item\"><figure><img loading=\"lazy\" width=\"1024\" height=\"768\" src=\"http:\/\/www.moto-adventure.net\/wp-content\/uploads\/2020\/06\/20200517_081715-1024x768.jpg\" alt=\"\" data-id=\"2405\" data-link=\"http:\/\/www.moto-adventure.net\/?attachment_id=2405\" class=\"wp-image-2405\" srcset=\"http:\/\/www.moto-adventure.net\/wp-content\/uploads\/2020\/06\/20200517_081715-1024x768.jpg 1024w, http:\/\/www.moto-adventure.net\/wp-content\/uploads\/2020\/06\/20200517_081715-300x225.jpg 300w, http:\/\/www.moto-adventure.net\/wp-content\/uploads\/2020\/06\/20200517_081715-768x576.jpg 768w\" sizes=\"(max-width: 1024px) 100vw, 1024px\" \/><\/figure><\/li><li class=\"blocks-gallery-item\"><figure><img loading=\"lazy\" width=\"1024\" height=\"768\" src=\"http:\/\/www.moto-adventure.net\/wp-content\/uploads\/2020\/06\/20200517_081709-1024x768.jpg\" alt=\"\" data-id=\"2404\" data-link=\"http:\/\/www.moto-adventure.net\/?attachment_id=2404\" class=\"wp-image-2404\" srcset=\"http:\/\/www.moto-adventure.net\/wp-content\/uploads\/2020\/06\/20200517_081709-1024x768.jpg 1024w, http:\/\/www.moto-adventure.net\/wp-content\/uploads\/2020\/06\/20200517_081709-300x225.jpg 300w, http:\/\/www.moto-adventure.net\/wp-content\/uploads\/2020\/06\/20200517_081709-768x576.jpg 768w\" sizes=\"(max-width: 1024px) 100vw, 1024px\" \/><\/figure><\/li><li class=\"blocks-gallery-item\"><figure><img loading=\"lazy\" width=\"1024\" height=\"768\" src=\"http:\/\/www.moto-adventure.net\/wp-content\/uploads\/2020\/06\/20200517_081704-1024x768.jpg\" alt=\"\" data-id=\"2403\" data-link=\"http:\/\/www.moto-adventure.net\/?attachment_id=2403\" class=\"wp-image-2403\" srcset=\"http:\/\/www.moto-adventure.net\/wp-content\/uploads\/2020\/06\/20200517_081704-1024x768.jpg 1024w, http:\/\/www.moto-adventure.net\/wp-content\/uploads\/2020\/06\/20200517_081704-300x225.jpg 300w, http:\/\/www.moto-adventure.net\/wp-content\/uploads\/2020\/06\/20200517_081704-768x576.jpg 768w\" sizes=\"(max-width: 1024px) 100vw, 1024px\" \/><\/figure><\/li><li class=\"blocks-gallery-item\"><figure><img loading=\"lazy\" width=\"1024\" height=\"768\" src=\"http:\/\/www.moto-adventure.net\/wp-content\/uploads\/2020\/06\/20200516_133310-1024x768.jpg\" alt=\"\" data-id=\"2402\" data-link=\"http:\/\/www.moto-adventure.net\/?attachment_id=2402\" class=\"wp-image-2402\" srcset=\"http:\/\/www.moto-adventure.net\/wp-content\/uploads\/2020\/06\/20200516_133310-1024x768.jpg 1024w, http:\/\/www.moto-adventure.net\/wp-content\/uploads\/2020\/06\/20200516_133310-300x225.jpg 300w, http:\/\/www.moto-adventure.net\/wp-content\/uploads\/2020\/06\/20200516_133310-768x576.jpg 768w\" sizes=\"(max-width: 1024px) 100vw, 1024px\" \/><\/figure><\/li><li class=\"blocks-gallery-item\"><figure><img loading=\"lazy\" width=\"768\" height=\"1024\" src=\"http:\/\/www.moto-adventure.net\/wp-content\/uploads\/2020\/06\/20200516_132804-e1592151399234-768x1024.jpg\" alt=\"\" data-id=\"2401\" data-link=\"http:\/\/www.moto-adventure.net\/?attachment_id=2401\" class=\"wp-image-2401\" srcset=\"http:\/\/www.moto-adventure.net\/wp-content\/uploads\/2020\/06\/20200516_132804-e1592151399234-768x1024.jpg 768w, http:\/\/www.moto-adventure.net\/wp-content\/uploads\/2020\/06\/20200516_132804-e1592151399234-225x300.jpg 225w\" sizes=\"(max-width: 768px) 100vw, 768px\" \/><\/figure><\/li><li class=\"blocks-gallery-item\"><figure><img loading=\"lazy\" width=\"1024\" height=\"768\" src=\"http:\/\/www.moto-adventure.net\/wp-content\/uploads\/2020\/06\/20200516_132710-1024x768.jpg\" alt=\"\" data-id=\"2400\" data-link=\"http:\/\/www.moto-adventure.net\/?attachment_id=2400\" class=\"wp-image-2400\" srcset=\"http:\/\/www.moto-adventure.net\/wp-content\/uploads\/2020\/06\/20200516_132710-1024x768.jpg 1024w, http:\/\/www.moto-adventure.net\/wp-content\/uploads\/2020\/06\/20200516_132710-300x225.jpg 300w, http:\/\/www.moto-adventure.net\/wp-content\/uploads\/2020\/06\/20200516_132710-768x576.jpg 768w\" sizes=\"(max-width: 1024px) 100vw, 1024px\" \/><\/figure><\/li><li class=\"blocks-gallery-item\"><figure><img loading=\"lazy\" width=\"1024\" height=\"768\" src=\"http:\/\/www.moto-adventure.net\/wp-content\/uploads\/2020\/06\/20200516_132705-1024x768.jpg\" alt=\"\" data-id=\"2399\" data-link=\"http:\/\/www.moto-adventure.net\/?attachment_id=2399\" class=\"wp-image-2399\" srcset=\"http:\/\/www.moto-adventure.net\/wp-content\/uploads\/2020\/06\/20200516_132705-1024x768.jpg 1024w, http:\/\/www.moto-adventure.net\/wp-content\/uploads\/2020\/06\/20200516_132705-300x225.jpg 300w, http:\/\/www.moto-adventure.net\/wp-content\/uploads\/2020\/06\/20200516_132705-768x576.jpg 768w\" sizes=\"(max-width: 1024px) 100vw, 1024px\" \/><\/figure><\/li><li class=\"blocks-gallery-item\"><figure><img loading=\"lazy\" width=\"1024\" height=\"768\" src=\"http:\/\/www.moto-adventure.net\/wp-content\/uploads\/2020\/06\/20200516_132703-1024x768.jpg\" alt=\"\" data-id=\"2398\" data-link=\"http:\/\/www.moto-adventure.net\/?attachment_id=2398\" class=\"wp-image-2398\" srcset=\"http:\/\/www.moto-adventure.net\/wp-content\/uploads\/2020\/06\/20200516_132703-1024x768.jpg 1024w, http:\/\/www.moto-adventure.net\/wp-content\/uploads\/2020\/06\/20200516_132703-300x225.jpg 300w, http:\/\/www.moto-adventure.net\/wp-content\/uploads\/2020\/06\/20200516_132703-768x576.jpg 768w\" sizes=\"(max-width: 1024px) 100vw, 1024px\" \/><\/figure><\/li><li class=\"blocks-gallery-item\"><figure><img loading=\"lazy\" width=\"1024\" height=\"768\" src=\"http:\/\/www.moto-adventure.net\/wp-content\/uploads\/2020\/06\/20200516_124312-1024x768.jpg\" alt=\"\" data-id=\"2397\" data-link=\"http:\/\/www.moto-adventure.net\/?attachment_id=2397\" class=\"wp-image-2397\" srcset=\"http:\/\/www.moto-adventure.net\/wp-content\/uploads\/2020\/06\/20200516_124312-1024x768.jpg 1024w, http:\/\/www.moto-adventure.net\/wp-content\/uploads\/2020\/06\/20200516_124312-300x225.jpg 300w, http:\/\/www.moto-adventure.net\/wp-content\/uploads\/2020\/06\/20200516_124312-768x576.jpg 768w\" sizes=\"(max-width: 1024px) 100vw, 1024px\" \/><\/figure><\/li><li class=\"blocks-gallery-item\"><figure><img loading=\"lazy\" width=\"1024\" height=\"768\" src=\"http:\/\/www.moto-adventure.net\/wp-content\/uploads\/2020\/06\/20200516_124303-1024x768.jpg\" alt=\"\" data-id=\"2395\" data-link=\"http:\/\/www.moto-adventure.net\/?attachment_id=2395\" class=\"wp-image-2395\" srcset=\"http:\/\/www.moto-adventure.net\/wp-content\/uploads\/2020\/06\/20200516_124303-1024x768.jpg 1024w, http:\/\/www.moto-adventure.net\/wp-content\/uploads\/2020\/06\/20200516_124303-300x225.jpg 300w, http:\/\/www.moto-adventure.net\/wp-content\/uploads\/2020\/06\/20200516_124303-768x576.jpg 768w\" sizes=\"(max-width: 1024px) 100vw, 1024px\" \/><\/figure><\/li><\/ul><\/figure>\n\n\n\n<p>Hier noch ein kleiner Kurzfilm<\/p>\n\n\n\n<figure class=\"wp-block-embed-videopress wp-block-embed is-type-rich is-provider-handler-einbetten\"><div class=\"wp-block-embed__wrapper\">\n<div style=\"width: 640px;\" class=\"wp-video\"><!--[if lt IE 9]><script>document.createElement('video');<\/script><![endif]-->\n<video class=\"wp-video-shortcode\" id=\"video-2391-1\" width=\"640\" height=\"360\" preload=\"metadata\" controls=\"controls\"><source type=\"video\/mp4\" src=\"http:\/\/www.moto-adventure.net\/wp-content\/uploads\/2020\/06\/Coronaausfahrt2.mp4?_=1\" \/><a href=\"http:\/\/www.moto-adventure.net\/wp-content\/uploads\/2020\/06\/Coronaausfahrt2.mp4\">http:\/\/www.moto-adventure.net\/wp-content\/uploads\/2020\/06\/Coronaausfahrt2.mp4<\/a><\/video><\/div>\n<\/div><\/figure>\n\n\n\n<div class=\"wp-block-flagallery-gallery flagallery-shortcode\">[Galerie  nicht gefunden]<\/div>\n","protected":false},"excerpt":{"rendered":"<p>&#8230; oder wie macht man eine Tour bei einer 100km Ausgangsbeschr\u00e4nkung Das Jahr 2020 war bis jetzt anders als wir wohl alle geplant haben. Das meiste wurde abgesagt was wir uns vorgenommen hatten und etliches verschoben &#8211; meist bis in das n\u00e4chste Jahr hinein. Ebenso war Anfang des Jahres ab M\u00e4rz eine Ausgangssperre gegeben, dessen Folgen wir gerade eben mal&hellip; <a href=\"http:\/\/www.moto-adventure.net\/?page_id=2391\">(more&#8230;)<\/a><\/p>\n","protected":false},"author":752,"featured_media":0,"parent":0,"menu_order":0,"comment_status":"closed","ping_status":"closed","template":"","meta":[],"_links":{"self":[{"href":"http:\/\/www.moto-adventure.net\/index.php?rest_route=\/wp\/v2\/pages\/2391"}],"collection":[{"href":"http:\/\/www.moto-adventure.net\/index.php?rest_route=\/wp\/v2\/pages"}],"about":[{"href":"http:\/\/www.moto-adventure.net\/index.php?rest_route=\/wp\/v2\/types\/page"}],"author":[{"embeddable":true,"href":"http:\/\/www.moto-adventure.net\/index.php?rest_route=\/wp\/v2\/users\/752"}],"replies":[{"embeddable":true,"href":"http:\/\/www.moto-adventure.net\/index.php?rest_route=%2Fwp%2Fv2%2Fcomments&post=2391"}],"version-history":[{"count":15,"href":"http:\/\/www.moto-adventure.net\/index.php?rest_route=\/wp\/v2\/pages\/2391\/revisions"}],"predecessor-version":[{"id":2814,"href":"http:\/\/www.moto-adventure.net\/index.php?rest_route=\/wp\/v2\/pages\/2391\/revisions\/2814"}],"wp:attachment":[{"href":"http:\/\/www.moto-adventure.net\/index.php?rest_route=%2Fwp%2Fv2%2Fmedia&parent=2391"}],"curies":[{"name":"wp","href":"https:\/\/api.w.org\/{rel}","templated":true}]}}