{"id":1766,"date":"2015-10-10T05:32:08","date_gmt":"2015-10-10T05:32:08","guid":{"rendered":"http:\/\/www.moto-adventure.net\/?page_id=1766"},"modified":"2015-10-10T08:00:23","modified_gmt":"2015-10-10T08:00:23","slug":"tag-17-ohrid-see-al-igoumenitsa-gr","status":"publish","type":"page","link":"http:\/\/www.moto-adventure.net\/?page_id=1766","title":{"rendered":"Tag 17: Ohrid See (AL) &#8211; Igoumenitsa (GR)"},"content":{"rendered":"<p><img src=\"http:\/\/www.moto-adventure.net\/wp-content\/uploads\/2014\/02\/Tag-17-k-0009-e1444455249252.jpg\" alt=\"Motorr\u00e4der\" \/><\/p>\n<p>Heute starten wir vom Ohrid See aus Richtung S\u00fcden durch Pogradec, Korce, Ender Erseke, Leskovic zur griechischen Grenze bei Melissopetras.<\/p>\n<p><img src=\"http:\/\/www.moto-adventure.net\/wp-content\/uploads\/2014\/02\/Tag-17-k-0012-e1444455456584.jpg\" alt=\"AL\" \/><\/p>\n<p>Doch zun\u00e4chst geht es s\u00fcdlich in Albanien. Eigentlich wollten wir in einer Schleife s\u00fcdlich bis Leskovic fahren und dann zur\u00fcck bis Girokaster.<\/p>\n<p><img src=\"http:\/\/www.moto-adventure.net\/wp-content\/uploads\/2014\/02\/Tag-17-k-0015-e1444455516347.jpg\" alt=\"Pause 1\" \/><br \/>\n<img src=\"http:\/\/www.moto-adventure.net\/wp-content\/uploads\/2014\/02\/Tag-17-k-0016-e1444455564197.jpg\" \/><\/p>\n<p>Da sie Strecke sehr sch\u00f6n ist und es viel zu sehen gibt machen wir entsprechend viele Pausen und verpeilen so ein wenig die Zeit.<\/p>\n<p><img src=\"http:\/\/www.moto-adventure.net\/wp-content\/uploads\/2014\/02\/Tag-17-k-0018-e1444455752812.jpg\" alt=\"Pause\" \/><\/p>\n<p>Es ist nat\u00fcrlich klar das die Zeit dann am Ende des Tages fehlen wird. Da ja Campingpl\u00e4tze im ostlichen Teil von Albanien echte Mangelware sind und auch die Gegend noch vom Tourismus verschont ist und keine Hotels in Sicht sind hei\u00dft es durchziehen.<\/p>\n<p><img src=\"http:\/\/www.moto-adventure.net\/wp-content\/uploads\/2014\/02\/Tag-17-k-0023-e1444455693889.jpg\" alt=\"Korce\" \/><\/p>\n<p>Ortsdurchfahrt in Korce. Weiter s\u00fcdlich gibt es dann kaum noch gr\u00f6\u00dfere Ortschaften die eine gewisse Infrastruktur aufweisen.<\/p>\n<p><img src=\"http:\/\/www.moto-adventure.net\/wp-content\/uploads\/2014\/02\/Tag-17-k-0032-e1444455822232.jpg\" alt=\"Camping\" \/><\/p>\n<p>Erst kurz vor Leskovic kommt dann eine Wiese wo auch dieses Schild zu sehen ist. Es ist die Einfahrt zu einem Campingplatz. So entschlie\u00dfen wir uns bei Melissopetras die Grenze nach Griechenland zu passieren und in Ioannina einen Campingplatz zu suchen. Laut Karte gibt es einen am See.<\/p>\n<p><img src=\"http:\/\/www.moto-adventure.net\/wp-content\/uploads\/2014\/02\/Tag-17-k-0033-e1444455892390.jpg\" alt=\"Grenze\" \/><\/p>\n<p>Bei der Passage der Grenze auf albanischer Seite geht es eher gem\u00fctlich zu.<\/p>\n<p><img src=\"http:\/\/www.moto-adventure.net\/wp-content\/uploads\/2014\/02\/Tag-17-k-0034-e1444456125140.jpg\" alt=\"Grenze\" \/><\/p>\n<p>In Griechenland geht es aber auch nicht gestresster zu.<\/p>\n<p><img src=\"http:\/\/www.moto-adventure.net\/wp-content\/uploads\/2014\/02\/Tag-17-k-0035-e1444456193211.jpg\" alt=\"Grenze\" \/><br \/>\n<img src=\"http:\/\/www.moto-adventure.net\/wp-content\/uploads\/2014\/02\/Tag-17-k-0022-e1444456251870.jpg\" alt=\"Grenze\" \/><\/p>\n<p>Angekommen in Ioannina stellten wir fest das uns die Stadt nicht so recht gefallen wollte und das der Campingplatz am See, so wie auf der Karte eingezeichnet, sich als Campingplatz mitten in der Stadt herausgestellt hat. Eigentlich wollten wir ja noch ein paar Tage rumd\u00f6sen und auf die F\u00e4hre warten. Da in Ioannina so garnix passendes zu finden war, zogen wir weiter nach Igoumenitsa, zumal es auch noch anfangen wollte zu regnen. Nass geworden sind wir aber kaum. Bis zum Tunnel regnete es danach schien die Sonne bis Igoumenitsa.<\/p>\n<p>Dort fanden wir dann ein sch\u00f6nes Appartement, welches wird dann f\u00fcr 3 Tage mieteten.<\/p>\n<p><img src=\"http:\/\/www.moto-adventure.net\/wp-content\/uploads\/2014\/02\/Tag-17-k-0021-e1444456774450.jpg\" alt=\"Pause\" \/><\/p>\n<a href=\"http:\/\/www.moto-adventure.net\/?page_id=1826\">Tag 18-22: Igoumenitsa (GR) - zu Hause<\/a>\n","protected":false},"excerpt":{"rendered":"<p>Heute starten wir vom Ohrid See aus Richtung S\u00fcden durch Pogradec, Korce, Ender Erseke, Leskovic zur griechischen Grenze bei Melissopetras. Doch zun\u00e4chst geht es s\u00fcdlich in Albanien. Eigentlich wollten wir in einer Schleife s\u00fcdlich bis Leskovic fahren und dann zur\u00fcck bis Girokaster. Da sie Strecke sehr sch\u00f6n ist und es viel zu sehen gibt machen wir entsprechend viele Pausen und&hellip; <a href=\"http:\/\/www.moto-adventure.net\/?page_id=1766\">(more&#8230;)<\/a><\/p>\n","protected":false},"author":752,"featured_media":0,"parent":1372,"menu_order":17,"comment_status":"open","ping_status":"closed","template":"","meta":[],"_links":{"self":[{"href":"http:\/\/www.moto-adventure.net\/index.php?rest_route=\/wp\/v2\/pages\/1766"}],"collection":[{"href":"http:\/\/www.moto-adventure.net\/index.php?rest_route=\/wp\/v2\/pages"}],"about":[{"href":"http:\/\/www.moto-adventure.net\/index.php?rest_route=\/wp\/v2\/types\/page"}],"author":[{"embeddable":true,"href":"http:\/\/www.moto-adventure.net\/index.php?rest_route=\/wp\/v2\/users\/752"}],"replies":[{"embeddable":true,"href":"http:\/\/www.moto-adventure.net\/index.php?rest_route=%2Fwp%2Fv2%2Fcomments&post=1766"}],"version-history":[{"count":15,"href":"http:\/\/www.moto-adventure.net\/index.php?rest_route=\/wp\/v2\/pages\/1766\/revisions"}],"predecessor-version":[{"id":1832,"href":"http:\/\/www.moto-adventure.net\/index.php?rest_route=\/wp\/v2\/pages\/1766\/revisions\/1832"}],"up":[{"embeddable":true,"href":"http:\/\/www.moto-adventure.net\/index.php?rest_route=\/wp\/v2\/pages\/1372"}],"wp:attachment":[{"href":"http:\/\/www.moto-adventure.net\/index.php?rest_route=%2Fwp%2Fv2%2Fmedia&parent=1766"}],"curies":[{"name":"wp","href":"https:\/\/api.w.org\/{rel}","templated":true}]}}