{"id":1680,"date":"2015-09-13T07:39:19","date_gmt":"2015-09-13T07:39:19","guid":{"rendered":"http:\/\/www.moto-adventure.net\/?page_id=1680"},"modified":"2015-09-13T09:22:06","modified_gmt":"2015-09-13T09:22:06","slug":"tag-15-kukes-al-globocica-rks","status":"publish","type":"page","link":"http:\/\/www.moto-adventure.net\/?page_id=1680","title":{"rendered":"Tag 15: Kukes (AL) &#8211; Globocica (RKS)"},"content":{"rendered":"<p><img src=\"http:\/\/www.moto-adventure.net\/wp-content\/uploads\/2014\/02\/Tag15-1-0002.jpg\" alt=\"RKS-1\" \/><\/p>\n<p>F\u00fcr heute stand nun endlich der Punkt an auf den wir uns beide die ganze Zeit am l\u00e4ngsten gefreut hatten. Wir wollten Riza besuchen der uns das Jahr zuvor geholfen hat, als ich mit einer Kardanpanne im Kosovo liegengeblieben bin. Angemeldet waren wir nicht &#8211; und so w\u00fcrde es spannend werden, ob Riza und seine Familie da ist.<\/p>\n<p>Zun\u00e4chst mussten aber wieder mal extra Versicherungen f\u00fcr die Motorr\u00e4der abgeschlossen werden. Das kannten wir ja vom letzten Jahr.<\/p>\n<p><img src=\"http:\/\/www.moto-adventure.net\/wp-content\/uploads\/2014\/02\/Tag15-1-0003.jpg\" alt=\"RKS-2\" \/><\/p>\n<p>Dann ging&#8217;s weiter Richtung Grenze.<\/p>\n<p><img src=\"http:\/\/www.moto-adventure.net\/wp-content\/uploads\/2014\/02\/Tag15-1-0004.jpg\" alt=\"RKS -3 \" \/><\/p>\n<p>Nach der Grenze f\u00fchrte uns unser Weg zun\u00e4chst nach Prizren. Eine sch\u00f6ne Stadt. Das Wetter zog sich leider zusehends zu. Wir hielten an um extra f\u00fcr diesen Trip erneuerten Kreditkarten zu nutzen und uns mit Euro einzudecken. Nachdem wir viel in Albanien mit Euro bezahlt hatten, hatten wir nun keine Euro mehr. Schlie\u00dflich kommen wir ja nochmal nach Albanien.<\/p>\n<p><img src=\"http:\/\/www.moto-adventure.net\/wp-content\/uploads\/2014\/02\/Tag15-1-0005.jpg\" alt=\"RKS-4\" \/><\/p>\n<p>Im Verlauf wurde es dann noch neblig. War jetzt nicht so schlimm &#8211; wir kennen ja die Gegend bereits. <\/p>\n<p><img src=\"http:\/\/www.moto-adventure.net\/wp-content\/uploads\/2014\/02\/Tag15-1-0001.jpg\" alt=\"RKS-5\" \/><\/p>\n<p>Am fr\u00fchen Nachmittag kamen wir an unserem Ziel an. Wir gingen zun\u00e4chst in&#8217;s Restaurant rein und erkundigten uns nach unserem Gastgeber Riza vom letzten Jahr. Wir hatten Gl\u00fcck. Er war hinter dem Haus.<\/p>\n<p>Die Freude war riesengro\u00df, zumal er ja nicht mit uns gerechnet hatte. Nach einer herzlichen Umarmung und der Zusicherung das es der ganzen Familie gut geht, waren auch wir zufrieden.<\/p>\n<p>Der Rest des Tages bestand aus essen, trinken, erz\u00e4hlen und schlafen. Das Wetter war mittlerweile sowieso nicht mehr tauglich zum Motorrad fahren. Es hatte zu regnen begonnen. Das st\u00f6rte uns aber \u00fcberhaupt nicht &#8211; wir waren ja bestens aufgehoben.<\/p>\n<a href=\"http:\/\/www.moto-adventure.net\/?page_id=1706\">Tag 16: Globocicia (RKS) - Ohrid See (AL)<\/a>\n","protected":false},"excerpt":{"rendered":"<p>F\u00fcr heute stand nun endlich der Punkt an auf den wir uns beide die ganze Zeit am l\u00e4ngsten gefreut hatten. Wir wollten Riza besuchen der uns das Jahr zuvor geholfen hat, als ich mit einer Kardanpanne im Kosovo liegengeblieben bin. Angemeldet waren wir nicht &#8211; und so w\u00fcrde es spannend werden, ob Riza und seine Familie da ist. Zun\u00e4chst mussten&hellip; <a href=\"http:\/\/www.moto-adventure.net\/?page_id=1680\">(more&#8230;)<\/a><\/p>\n","protected":false},"author":752,"featured_media":0,"parent":1372,"menu_order":15,"comment_status":"open","ping_status":"closed","template":"","meta":[],"_links":{"self":[{"href":"http:\/\/www.moto-adventure.net\/index.php?rest_route=\/wp\/v2\/pages\/1680"}],"collection":[{"href":"http:\/\/www.moto-adventure.net\/index.php?rest_route=\/wp\/v2\/pages"}],"about":[{"href":"http:\/\/www.moto-adventure.net\/index.php?rest_route=\/wp\/v2\/types\/page"}],"author":[{"embeddable":true,"href":"http:\/\/www.moto-adventure.net\/index.php?rest_route=\/wp\/v2\/users\/752"}],"replies":[{"embeddable":true,"href":"http:\/\/www.moto-adventure.net\/index.php?rest_route=%2Fwp%2Fv2%2Fcomments&post=1680"}],"version-history":[{"count":2,"href":"http:\/\/www.moto-adventure.net\/index.php?rest_route=\/wp\/v2\/pages\/1680\/revisions"}],"predecessor-version":[{"id":1720,"href":"http:\/\/www.moto-adventure.net\/index.php?rest_route=\/wp\/v2\/pages\/1680\/revisions\/1720"}],"up":[{"embeddable":true,"href":"http:\/\/www.moto-adventure.net\/index.php?rest_route=\/wp\/v2\/pages\/1372"}],"wp:attachment":[{"href":"http:\/\/www.moto-adventure.net\/index.php?rest_route=%2Fwp%2Fv2%2Fmedia&parent=1680"}],"curies":[{"name":"wp","href":"https:\/\/api.w.org\/{rel}","templated":true}]}}