{"id":1610,"date":"2015-08-23T10:24:22","date_gmt":"2015-08-23T10:24:22","guid":{"rendered":"http:\/\/www.moto-adventure.net\/?page_id=1610"},"modified":"2015-09-06T06:12:53","modified_gmt":"2015-09-06T06:12:53","slug":"tag-11-zabljak-mne-varrezat-albanien","status":"publish","type":"page","link":"http:\/\/www.moto-adventure.net\/?page_id=1610","title":{"rendered":"Tag 11: Zabljak (MNE) &#8211; Varrezat (Albanien)"},"content":{"rendered":"<p><img src=\"http:\/\/www.moto-adventure.net\/wp-content\/uploads\/2015\/08\/Tag11-0001.jpg\" alt=\"Tara 1\" \/><\/p>\n<p>Als wir von Zabljak losfuhren, stand als n\u00e4chstes die Tara Schlucht auf dem Programm.<\/p>\n<p><img src=\"http:\/\/www.moto-adventure.net\/wp-content\/uploads\/2015\/08\/Tag11-0002.jpg\" alt=\"Tara 2\" \/><\/p>\n<p><img src=\"http:\/\/www.moto-adventure.net\/wp-content\/uploads\/2015\/08\/Tag11-0011.jpg\" alt=\"Podgorica\" \/><\/p>\n<p>Diese ist wirklich sehr eindr\u00fccklich und eine geniale Strecke f\u00fcr&#8217;s Motorrad. Wir folgten der Stra\u00dfe bis kurz vor Podgorica, wo wir dann Richtung Shkoder See abbogen und am n\u00f6rdlichen Ende des Shkoder Sees die Grenze nach Albanien passierten. Auf einem Campingplatz am Ostufer des Sees machten wir Station f\u00fcr die beiden n\u00e4chsten Tage.<\/p>\n<p><img src=\"http:\/\/www.moto-adventure.net\/wp-content\/uploads\/2015\/08\/Tag11-0013.jpg\" alt=\"Shkoder\" \/><\/p>\n<p><img src=\"http:\/\/www.moto-adventure.net\/wp-content\/uploads\/2015\/08\/Tag11-0014.jpg\" alt=\"Shkoder-1\" \/><br \/> Ich hatte vor mit dem Motorrad Richtung Norden entlang der SH 20 Richtung Vermosh ins Gebirge zu fahren. Dazu brauchte ich mindestens einen Tag sch\u00f6nes Wetter.<\/p>\n<p>Also genossen wir den Campingplatz am See, der neben uns noch weitere Deutsche, Franzosen, Niederl\u00e4nder und auch \u00d6sterreicher beherbergt. Albanien scheint also schwer im Kommen zu sein und bei der Gelegenheit erfuhr ich, das es gef\u00fchrte Caravantouren gibt. Das wu\u00dfte ich bis Dato nicht.<\/p>\n<p>&nbsp;<\/p>\n<a href=\"http:\/\/www.moto-adventure.net\/?page_id=1638\">Tag 12 und 13: Varrezat und Ausflug nach Vermosh (Albanien)<\/a>\n","protected":false},"excerpt":{"rendered":"<p>Als wir von Zabljak losfuhren, stand als n\u00e4chstes die Tara Schlucht auf dem Programm. Diese ist wirklich sehr eindr\u00fccklich und eine geniale Strecke f\u00fcr&#8217;s Motorrad. Wir folgten der Stra\u00dfe bis kurz vor Podgorica, wo wir dann Richtung Shkoder See abbogen und am n\u00f6rdlichen Ende des Shkoder Sees die Grenze nach Albanien passierten. Auf einem Campingplatz am Ostufer des Sees machten&hellip; <a href=\"http:\/\/www.moto-adventure.net\/?page_id=1610\">(more&#8230;)<\/a><\/p>\n","protected":false},"author":752,"featured_media":0,"parent":1372,"menu_order":12,"comment_status":"open","ping_status":"closed","template":"","meta":[],"_links":{"self":[{"href":"http:\/\/www.moto-adventure.net\/index.php?rest_route=\/wp\/v2\/pages\/1610"}],"collection":[{"href":"http:\/\/www.moto-adventure.net\/index.php?rest_route=\/wp\/v2\/pages"}],"about":[{"href":"http:\/\/www.moto-adventure.net\/index.php?rest_route=\/wp\/v2\/types\/page"}],"author":[{"embeddable":true,"href":"http:\/\/www.moto-adventure.net\/index.php?rest_route=\/wp\/v2\/users\/752"}],"replies":[{"embeddable":true,"href":"http:\/\/www.moto-adventure.net\/index.php?rest_route=%2Fwp%2Fv2%2Fcomments&post=1610"}],"version-history":[{"count":4,"href":"http:\/\/www.moto-adventure.net\/index.php?rest_route=\/wp\/v2\/pages\/1610\/revisions"}],"predecessor-version":[{"id":1640,"href":"http:\/\/www.moto-adventure.net\/index.php?rest_route=\/wp\/v2\/pages\/1610\/revisions\/1640"}],"up":[{"embeddable":true,"href":"http:\/\/www.moto-adventure.net\/index.php?rest_route=\/wp\/v2\/pages\/1372"}],"wp:attachment":[{"href":"http:\/\/www.moto-adventure.net\/index.php?rest_route=%2Fwp%2Fv2%2Fmedia&parent=1610"}],"curies":[{"name":"wp","href":"https:\/\/api.w.org\/{rel}","templated":true}]}}