{"id":1592,"date":"2015-08-23T09:43:02","date_gmt":"2015-08-23T09:43:02","guid":{"rendered":"http:\/\/www.moto-adventure.net\/?page_id=1592"},"modified":"2016-07-16T18:36:38","modified_gmt":"2016-07-16T18:36:38","slug":"tag-9-10-trsteno-hr-zabljak-mne","status":"publish","type":"page","link":"http:\/\/www.moto-adventure.net\/?page_id=1592","title":{"rendered":"Tag 9-10: Trsteno (HR) &#8211; Zabljak (MNE)"},"content":{"rendered":"<p><img src=\"http:\/\/www.moto-adventure.net\/wp-content\/uploads\/2015\/08\/Tag9-0001.jpg\" alt=\"Zelt\" \/><\/p>\n<p>So ungef\u00e4hr sah unser Zelt aus, nachdem die Stange gebrochen war. Es steht zwar noch &#8211; sieht aber komisch aus. Beim fr\u00fchmorgendlichen Gespr\u00e4ch mit unseren motorradfahrenden Nachbarn, stellte sich heraus, da\u00df wir dieselbe Strecke zum selben Zielort fahren wollen. Nachdem die wesentlich schneller als wir mit dem Zeltabbau fertig waren, zogen sie auch lange vor uns los.<\/p>\n<p><img src=\"http:\/\/www.moto-adventure.net\/wp-content\/uploads\/2015\/08\/Tag9-0008.jpg\" alt=\"Parkplatz\" \/><\/p>\n<p><img src=\"http:\/\/www.moto-adventure.net\/wp-content\/uploads\/2015\/08\/Tag9-0006.jpg\" alt=\"Lokal\" \/><\/p>\n<p><img src=\"http:\/\/www.moto-adventure.net\/wp-content\/uploads\/2015\/08\/Tag9-0009.jpg\" alt=\"Gulasch\" \/><\/p>\n<p>Unser Weg f\u00fchrte uns heraus aus Dubrovnik entlang der Adria bis die Abfahrt Richtung Trebinje (BiH) kam. Nachdem wir ein kurzes St\u00fcck durch Bosnien und Herzegowina gefahren waren, kam die Grenze nach Montenegro. Dann wollten wir der Strecke durch Niksic Richtung Norden und dem Durmitor Nationalpark weiter nach Zabljak folgen. Bei einer Pause haben wir den besten Gulasch unseres Lebens serviert bekommen. Das parken auf dem Parkplatz hatte auch so seine T\u00fccken, da durch die Hitze der Asfalt weich geworden war und die St\u00e4nder der Motorr\u00e4der darin einsanken. Die Temperaturen hatten wieder locker die 30 Grad H\u00fcrde genommen.<\/p>\n<p>Die Auffahrt Richtung Durmitor Nationalpark verschaffte etwas Abk\u00fchlung. Der Nationalpark liegt auf etwa 1600 m H\u00f6he.<\/p>\n<p><img src=\"http:\/\/www.moto-adventure.net\/wp-content\/uploads\/2015\/08\/Tag9-0010.jpg\" alt=\"See\" \/><\/p>\n<p><img src=\"http:\/\/www.moto-adventure.net\/wp-content\/uploads\/2015\/08\/Tag9-0021.jpg\" alt=\"Durmitor\" \/><\/p>\n<p><img src=\"http:\/\/www.moto-adventure.net\/wp-content\/uploads\/2015\/08\/Tag9-0023.jpg\" alt=\"Durmitor 2\" \/><\/p>\n<p>In Zabljak angekommen suchten wir uns einen Campingplatz und fanden auch wieder unsere Freunde vom Vortag.<\/p>\n<p>Beim rangieren mit Karins Motorrad ber\u00fchrte ich aus Versehen mein eigenes. Dieses bekam auf dem wackeligen Seitenst\u00e4nder \u00dcbergewicht und fiel um. Wie der Zufall es so will, genau auf ein kleines M\u00e4uerchen, wodurch mein linker Blinker brach. Karin hatte mit Elena, der Betreiberin des Campingplatzes eine Unterkunft bei ihr (Elena) klargemacht, da wir nicht unn\u00f6tig oft das Zelt aufschlagen wollten, wegen der gebrochenen Stange. So wurden wir Elenas Privatg\u00e4ste.<\/p>\n<p><img src=\"http:\/\/www.moto-adventure.net\/wp-content\/uploads\/2015\/08\/Tag9-0024.jpg\" alt=\"Elena\" \/><\/p>\n<p>Inmitten einer grandiosen Landschaft und angetan von der herzlichen Gastfreundschaft Elenas, beschlossen wir kurzerhand noch einen weiteren Tag da zu bleiben. Ich musste ja noch ein paar kleinere Reparaturen durchf\u00fchren. Elena verw\u00f6hnte uns f\u00fcrstlich mit selbstgebackenem und wir genossen die Landschaft um uns herum.<\/p>\n<p><img src=\"http:\/\/www.moto-adventure.net\/wp-content\/uploads\/2015\/08\/Tag9-0029.jpg\" alt=\"Land\" \/><\/p>\n<p><img src=\"http:\/\/www.moto-adventure.net\/wp-content\/uploads\/2015\/08\/Tag9-0028.jpg\" alt=\"Blinker\" \/><\/p>\n<p><img src=\"http:\/\/www.moto-adventure.net\/wp-content\/uploads\/2015\/08\/Tag9-0031.jpg\" alt=\"Land 2\" \/><\/p>\n<p><img src=\"http:\/\/www.moto-adventure.net\/wp-content\/uploads\/2015\/08\/Tag9-0033.jpg\" alt=\"Land 3\" \/><\/p>\n<a href=\"http:\/\/www.moto-adventure.net\/?page_id=1610\">Tag 11: Zabljak (MNE) - Varrezat (Albanien)<\/a>\n","protected":false},"excerpt":{"rendered":"<p>So ungef\u00e4hr sah unser Zelt aus, nachdem die Stange gebrochen war. Es steht zwar noch &#8211; sieht aber komisch aus. Beim fr\u00fchmorgendlichen Gespr\u00e4ch mit unseren motorradfahrenden Nachbarn, stellte sich heraus, da\u00df wir dieselbe Strecke zum selben Zielort fahren wollen. Nachdem die wesentlich schneller als wir mit dem Zeltabbau fertig waren, zogen sie auch lange vor uns los. Unser Weg f\u00fchrte&hellip; <a href=\"http:\/\/www.moto-adventure.net\/?page_id=1592\">(more&#8230;)<\/a><\/p>\n","protected":false},"author":752,"featured_media":0,"parent":1372,"menu_order":11,"comment_status":"open","ping_status":"closed","template":"","meta":[],"_links":{"self":[{"href":"http:\/\/www.moto-adventure.net\/index.php?rest_route=\/wp\/v2\/pages\/1592"}],"collection":[{"href":"http:\/\/www.moto-adventure.net\/index.php?rest_route=\/wp\/v2\/pages"}],"about":[{"href":"http:\/\/www.moto-adventure.net\/index.php?rest_route=\/wp\/v2\/types\/page"}],"author":[{"embeddable":true,"href":"http:\/\/www.moto-adventure.net\/index.php?rest_route=\/wp\/v2\/users\/752"}],"replies":[{"embeddable":true,"href":"http:\/\/www.moto-adventure.net\/index.php?rest_route=%2Fwp%2Fv2%2Fcomments&post=1592"}],"version-history":[{"count":3,"href":"http:\/\/www.moto-adventure.net\/index.php?rest_route=\/wp\/v2\/pages\/1592\/revisions"}],"predecessor-version":[{"id":1873,"href":"http:\/\/www.moto-adventure.net\/index.php?rest_route=\/wp\/v2\/pages\/1592\/revisions\/1873"}],"up":[{"embeddable":true,"href":"http:\/\/www.moto-adventure.net\/index.php?rest_route=\/wp\/v2\/pages\/1372"}],"wp:attachment":[{"href":"http:\/\/www.moto-adventure.net\/index.php?rest_route=%2Fwp%2Fv2%2Fmedia&parent=1592"}],"curies":[{"name":"wp","href":"https:\/\/api.w.org\/{rel}","templated":true}]}}