{"id":1556,"date":"2015-08-23T09:06:36","date_gmt":"2015-08-23T09:06:36","guid":{"rendered":"http:\/\/www.moto-adventure.net\/?page_id=1556"},"modified":"2015-08-23T09:46:33","modified_gmt":"2015-08-23T09:46:33","slug":"tag-8-mostar-bih-trsteno-hr","status":"publish","type":"page","link":"http:\/\/www.moto-adventure.net\/?page_id=1556","title":{"rendered":"Tag 8: Mostar (BiH) &#8211; Trsteno (HR)"},"content":{"rendered":"<p><img src=\"http:\/\/www.moto-adventure.net\/wp-content\/uploads\/2015\/08\/Tag80008.jpg\" alt=\"Dubrovnik\" \/><\/p>\n<p>Als wir am Morgen in Mostar losfuhren, sollte Dubrovnik das n\u00e4chste Ziel werden. Bez\u00fcglich der \u00dcbernachtungsm\u00f6glichkeiten hatten wir jedoch keine konkreten Vorstellungen wie das genau ablaufen sollte. Also Zelt oder Hotel war unklar.<\/p>\n<p>Nach der Ankunft in Dubrovnik war es mal wieder herrlich warm und Hotel war kein passendes zu finden. Erfreulicherweise gibt es in Dubrovnik auch nur einen Campingplatz der diese Bezeichnung allerdings nicht verdient. Teuer und dreckig. Ersteres ging ja noch, aber Zweiteres auf gar keinen Fall.<\/p>\n<p><img src=\"http:\/\/www.moto-adventure.net\/wp-content\/uploads\/2015\/08\/Tag80015.jpg\" alt=\"Platz\" \/><\/p>\n<p>Da wir eigentlich sowieso keine Lust hatten bei 35 Grad in Motorradkluft Dubrovnik unsicher zu machen, wurde der Besuch der Stadt kurzerhand auf unbestimmte Zeit verschoben. Ehrlich gesagt, sind St\u00e4dtetrips eh nicht so unser Ding. Die Begegnung mit Landschaft und Einheimischen ziehen wir allemal vor.<\/p>\n<p>Also fuhren wir ein paar Kilometer zur\u00fcck und landeten auf diesem Campinplatz. Beim Zeltaufbau brach mir jedoch eine Zeltstange. <\/p>\n<p><img src=\"http:\/\/www.moto-adventure.net\/wp-content\/uploads\/2015\/08\/Tag80011.jpg\" alt=\"Platz\" \/><\/p>\n<p><img src=\"http:\/\/www.moto-adventure.net\/wp-content\/uploads\/2015\/08\/Tag80012.jpg\" alt=\"Platz\" \/><\/p>\n<p>Zwischen dem k\u00fchlenden Schatten der Olivenba\u00fcme und zusammen mit anderen Mopedkollegen lie\u00dfen wir den Abend nach dem Restaurantbesuch ausklingen. <\/p>\n<a href=\"http:\/\/www.moto-adventure.net\/?page_id=1592\">Tag 9-10: Trsteno (HR) - Zabljak (MNE)<\/a>\n","protected":false},"excerpt":{"rendered":"<p>Als wir am Morgen in Mostar losfuhren, sollte Dubrovnik das n\u00e4chste Ziel werden. Bez\u00fcglich der \u00dcbernachtungsm\u00f6glichkeiten hatten wir jedoch keine konkreten Vorstellungen wie das genau ablaufen sollte. Also Zelt oder Hotel war unklar. Nach der Ankunft in Dubrovnik war es mal wieder herrlich warm und Hotel war kein passendes zu finden. Erfreulicherweise gibt es in Dubrovnik auch nur einen Campingplatz&hellip; <a href=\"http:\/\/www.moto-adventure.net\/?page_id=1556\">(more&#8230;)<\/a><\/p>\n","protected":false},"author":752,"featured_media":0,"parent":1372,"menu_order":10,"comment_status":"open","ping_status":"closed","template":"","meta":[],"_links":{"self":[{"href":"http:\/\/www.moto-adventure.net\/index.php?rest_route=\/wp\/v2\/pages\/1556"}],"collection":[{"href":"http:\/\/www.moto-adventure.net\/index.php?rest_route=\/wp\/v2\/pages"}],"about":[{"href":"http:\/\/www.moto-adventure.net\/index.php?rest_route=\/wp\/v2\/types\/page"}],"author":[{"embeddable":true,"href":"http:\/\/www.moto-adventure.net\/index.php?rest_route=\/wp\/v2\/users\/752"}],"replies":[{"embeddable":true,"href":"http:\/\/www.moto-adventure.net\/index.php?rest_route=%2Fwp%2Fv2%2Fcomments&post=1556"}],"version-history":[{"count":2,"href":"http:\/\/www.moto-adventure.net\/index.php?rest_route=\/wp\/v2\/pages\/1556\/revisions"}],"predecessor-version":[{"id":1594,"href":"http:\/\/www.moto-adventure.net\/index.php?rest_route=\/wp\/v2\/pages\/1556\/revisions\/1594"}],"up":[{"embeddable":true,"href":"http:\/\/www.moto-adventure.net\/index.php?rest_route=\/wp\/v2\/pages\/1372"}],"wp:attachment":[{"href":"http:\/\/www.moto-adventure.net\/index.php?rest_route=%2Fwp%2Fv2%2Fmedia&parent=1556"}],"curies":[{"name":"wp","href":"https:\/\/api.w.org\/{rel}","templated":true}]}}