{"id":1504,"date":"2015-08-09T05:39:47","date_gmt":"2015-08-09T05:39:47","guid":{"rendered":"http:\/\/www.moto-adventure.net\/?page_id=1504"},"modified":"2015-08-23T09:09:37","modified_gmt":"2015-08-23T09:09:37","slug":"tag7-bacevci-srb-mostar-bih","status":"publish","type":"page","link":"http:\/\/www.moto-adventure.net\/?page_id=1504","title":{"rendered":"Tag 7: Bacevci (SRB) &#8211; Mostar (BiH)"},"content":{"rendered":"<p><img src=\"http:\/\/www.moto-adventure.net\/wp-content\/uploads\/2015\/08\/Tag7-02.jpg\" alt=\"Tara 1\" \/><\/p>\n<p>Am n\u00e4chsten Morgen gings erstmal wieder weiter entlang der Drina Richtung Tara Nationalpark.<\/p>\n<p><img src=\"http:\/\/www.moto-adventure.net\/wp-content\/uploads\/2015\/08\/Tag7-01.jpg\" alt=\"Drina\" \/><\/p>\n<p>Bei Bajna Basta verlassen wir dann den Fluss und schrauben uns den Tara Nationalpark hoch um dann letztlich kurz vor Visegrad wieder die Grenze nach Bosnien und Herzegowina zu passieren. <\/p>\n<p><img src=\"http:\/\/www.moto-adventure.net\/wp-content\/uploads\/2015\/08\/Tag7-\u00df7.jpg\" alt=\"Pause 1\" \/><\/p>\n<p>Bei einer Pause um neue Getr\u00e4nke zu kaufen werfen wir mal wieder den Blick auf das Thermometer. Es  ist immer noch sehr hei\u00df. Zur Abwechslung kann man auch den Ordnungsh\u00fctern bei der Arbeit zuschauen. Radarfallen gibt es eben \u00fcberall. Uns haben sie gl\u00fccklicherweise nicht abgezogen.<\/p>\n<p><img src=\"http:\/\/www.moto-adventure.net\/wp-content\/uploads\/2015\/08\/Tag7-15.jpg\" alt=\"Radar\" \/><\/p>\n<p>Nach der Pause verlassen wir Visegrad und fahren weiter auf der M20 durch den Sutjeska Nationalpark Richtung S\u00fcden.<\/p>\n<p><img src=\"http:\/\/www.moto-adventure.net\/wp-content\/uploads\/2015\/08\/Tag7-05.gif\" alt=\"Visegrad\" \/><\/p>\n<p><img src=\"http:\/\/www.moto-adventure.net\/wp-content\/uploads\/2015\/08\/Tag7-06.gif\" alt=\"Bild\" \/><\/p>\n<p><img src=\"http:\/\/www.moto-adventure.net\/wp-content\/uploads\/2015\/08\/Tag7-04.gif\" alt=\"\" \/><\/p>\n<p>Bei Auvtovac verlassen wir die M20 und biegen Richtung Mostar ab.<\/p>\n<p>Am f\u00fchen Abend sind wir dann im Mostar und erleben mal wieder das der Campingplatz ein besserer Abstellplatz f\u00fcr Wohnmobile ist. Also suchen wir uns mal wieder ein Zimmer. V\u00f6llig ohne Plan biegen wir irgendwo ab und stehen vor einer Schranke. Die Innenstadt ist gesperrt f\u00fcr alle Fahrzeuge. Auf die Frage was ich hier wolle, meinte ich da vorne ein Zimmer. Dort war eine Pension, die gl\u00fccklicherweise auch noch ein Zimmer frei hatte. Mitten in der Innenstadt etwa 100 m von der alten Br\u00fccke entfernt &#8211; Dusel muss man haben. Nach einem kleinen Rundgang lassen wir uns auf der Terrasse nieder. Schlie\u00dflich will man ja auch was essen.<\/p>\n<p><img src=\"http:\/\/www.moto-adventure.net\/wp-content\/uploads\/2015\/08\/Tag7-09.gif\" alt=\"Ankunft\" \/><\/p>\n<p><img src=\"http:\/\/www.moto-adventure.net\/wp-content\/uploads\/2015\/08\/Tag7-14.gif\" alt=\"Zimmer\" \/><\/p>\n<p><img src=\"http:\/\/www.moto-adventure.net\/wp-content\/uploads\/2015\/08\/Tag7-10.gif\" alt=\"Alte Br\u00fccke\" \/><\/p>\n<p><img src=\"http:\/\/www.moto-adventure.net\/wp-content\/uploads\/2015\/08\/Tag7-12.jpg\" alt=\"Br\u00fccke bei Nacht\" \/><\/p>\n<p><img src=\"http:\/\/www.moto-adventure.net\/wp-content\/uploads\/2015\/08\/Tag7-13.jpg\" alt=\"Minarett\" \/><\/p>\n<a href=\"http:\/\/www.moto-adventure.net\/?page_id=1556\">Tag 8: Mostar (BiH) - Trsteno (HR)<\/a>\n","protected":false},"excerpt":{"rendered":"<p>Am n\u00e4chsten Morgen gings erstmal wieder weiter entlang der Drina Richtung Tara Nationalpark. Bei Bajna Basta verlassen wir dann den Fluss und schrauben uns den Tara Nationalpark hoch um dann letztlich kurz vor Visegrad wieder die Grenze nach Bosnien und Herzegowina zu passieren. Bei einer Pause um neue Getr\u00e4nke zu kaufen werfen wir mal wieder den Blick auf das Thermometer.&hellip; <a href=\"http:\/\/www.moto-adventure.net\/?page_id=1504\">(more&#8230;)<\/a><\/p>\n","protected":false},"author":752,"featured_media":0,"parent":1372,"menu_order":7,"comment_status":"open","ping_status":"closed","template":"","meta":[],"_links":{"self":[{"href":"http:\/\/www.moto-adventure.net\/index.php?rest_route=\/wp\/v2\/pages\/1504"}],"collection":[{"href":"http:\/\/www.moto-adventure.net\/index.php?rest_route=\/wp\/v2\/pages"}],"about":[{"href":"http:\/\/www.moto-adventure.net\/index.php?rest_route=\/wp\/v2\/types\/page"}],"author":[{"embeddable":true,"href":"http:\/\/www.moto-adventure.net\/index.php?rest_route=\/wp\/v2\/users\/752"}],"replies":[{"embeddable":true,"href":"http:\/\/www.moto-adventure.net\/index.php?rest_route=%2Fwp%2Fv2%2Fcomments&post=1504"}],"version-history":[{"count":3,"href":"http:\/\/www.moto-adventure.net\/index.php?rest_route=\/wp\/v2\/pages\/1504\/revisions"}],"predecessor-version":[{"id":1558,"href":"http:\/\/www.moto-adventure.net\/index.php?rest_route=\/wp\/v2\/pages\/1504\/revisions\/1558"}],"up":[{"embeddable":true,"href":"http:\/\/www.moto-adventure.net\/index.php?rest_route=\/wp\/v2\/pages\/1372"}],"wp:attachment":[{"href":"http:\/\/www.moto-adventure.net\/index.php?rest_route=%2Fwp%2Fv2%2Fmedia&parent=1504"}],"curies":[{"name":"wp","href":"https:\/\/api.w.org\/{rel}","templated":true}]}}