{"id":1447,"date":"2015-08-08T04:48:07","date_gmt":"2015-08-08T04:48:07","guid":{"rendered":"http:\/\/www.moto-adventure.net\/?page_id=1447"},"modified":"2015-08-08T06:13:39","modified_gmt":"2015-08-08T06:13:39","slug":"tag-5-campingplatz-an-den-plitvicer-seen-hr-travnik-bih","status":"publish","type":"page","link":"http:\/\/www.moto-adventure.net\/?page_id=1447","title":{"rendered":"Tag 5: Campingplatz an den Plitvicer Seen (HR) &#8211; Travnik (BiH)"},"content":{"rendered":"<p><img src=\"http:\/\/www.moto-adventure.net\/wp-content\/uploads\/2015\/08\/Tag5-01-e1439009469206.jpg\" alt=\"Grenze Bosnien\" \/><\/p>\n<p>Nach unserer ersten \u00dcbernachtung im Zelt f\u00fcr diesen Urlaub, war bereits unser Rekord vom letzten Jahr eingestellt. Letztes Jahr war ja das Wetter so schlecht, das wir gar nicht Zelten konnten. Zelten empfinde ich eigentlich angenehmer als Hotels. Fr\u00fch am Morgen stand erst mal der t\u00e4gliche Grenz\u00fcbertritt auf dem Programm.<\/p>\n<p>Schnell ging es zur bosnisch-kroatischen Grenze. Die Abfertigung verlief ohne nennenswerte Probleme und wir waren in Bosnien.<\/p>\n<p><img src=\"http:\/\/www.moto-adventure.net\/wp-content\/uploads\/2015\/08\/Tag5-02-e1439009501485.jpg\" alt=\"Grenze BiH\" \/>  <\/p>\n<p>Auf ziemlich direktem Wege gings auf der Landstra\u00dfe Richtung Sarajevo. Das erste Ziel in Bosnien war die Visoko Pyramide kurz vor Sarajevo. Es war mal wieder br\u00fctend hei\u00df.<\/p>\n<p><img src=\"http:\/\/www.moto-adventure.net\/wp-content\/uploads\/2015\/08\/Tag5-03-e1439009523392.jpg\" alt=\"Stra\u00dfe\" \/><\/p>\n<p>Auch wegen der Hitze fingen wir relativ fr\u00fch an nach einem Platz zum Zelten zu suchen. Das Problem war nur, das Zelten im hinteren Teil Bosniens anscheinend noch nicht entdeckt wurde. Wir hatten am Schluss sogar Probleme ein Hotel zu finden was ansprechend war. So sollte es dann das Bosna Motel in Travnik werden. <a href=\"http:\/\/www.motel-bosna.com\">Motel Bosna<\/a><\/p>\n<p>Vielleicht hat ja einer mal Lust hinzufahren. <\/p>\n<p><img src=\"http:\/\/www.moto-adventure.net\/wp-content\/uploads\/2015\/08\/Tag5-04.jpg\" alt=\"Motel Bosna\" \/><\/p>\n<p><img src=\"http:\/\/www.moto-adventure.net\/wp-content\/uploads\/2015\/08\/Tag5-05.jpg\" alt=\"Beim Essen\" \/><\/p>\n<p>Danach ging es wie gewohnt erst mal zum Essen und schmiedeten Pl\u00e4ne f\u00fcr den morgigen Tag. Die Route sollte uns vorbei an Sarajevo in den hinteren Teil Bosniens f\u00fchren zun\u00e4chst zu den Kravica Wasserf\u00e4llen. Die Gegend ist sehr Geschichtstr\u00e4chtig &#8211; nebenan liegt Srebrenica das im Balkankrieg in den neunziger Jahren traurige Ber\u00fchmtheit erlangte. &#8222;Die Kriegsverbrechen von Srebrenica&#8220; sind heute fast jedem ein Begriff.<\/p>\n<a href=\"http:\/\/www.moto-adventure.net\/?page_id=1470\">Tag 6: Travnik (BiH) - Bacevci (SRB)<\/a>\n","protected":false},"excerpt":{"rendered":"<p>Nach unserer ersten \u00dcbernachtung im Zelt f\u00fcr diesen Urlaub, war bereits unser Rekord vom letzten Jahr eingestellt. Letztes Jahr war ja das Wetter so schlecht, das wir gar nicht Zelten konnten. Zelten empfinde ich eigentlich angenehmer als Hotels. Fr\u00fch am Morgen stand erst mal der t\u00e4gliche Grenz\u00fcbertritt auf dem Programm. Schnell ging es zur bosnisch-kroatischen Grenze. Die Abfertigung verlief ohne&hellip; <a href=\"http:\/\/www.moto-adventure.net\/?page_id=1447\">(more&#8230;)<\/a><\/p>\n","protected":false},"author":752,"featured_media":0,"parent":1372,"menu_order":5,"comment_status":"open","ping_status":"closed","template":"","meta":[],"_links":{"self":[{"href":"http:\/\/www.moto-adventure.net\/index.php?rest_route=\/wp\/v2\/pages\/1447"}],"collection":[{"href":"http:\/\/www.moto-adventure.net\/index.php?rest_route=\/wp\/v2\/pages"}],"about":[{"href":"http:\/\/www.moto-adventure.net\/index.php?rest_route=\/wp\/v2\/types\/page"}],"author":[{"embeddable":true,"href":"http:\/\/www.moto-adventure.net\/index.php?rest_route=\/wp\/v2\/users\/752"}],"replies":[{"embeddable":true,"href":"http:\/\/www.moto-adventure.net\/index.php?rest_route=%2Fwp%2Fv2%2Fcomments&post=1447"}],"version-history":[{"count":7,"href":"http:\/\/www.moto-adventure.net\/index.php?rest_route=\/wp\/v2\/pages\/1447\/revisions"}],"predecessor-version":[{"id":1474,"href":"http:\/\/www.moto-adventure.net\/index.php?rest_route=\/wp\/v2\/pages\/1447\/revisions\/1474"}],"up":[{"embeddable":true,"href":"http:\/\/www.moto-adventure.net\/index.php?rest_route=\/wp\/v2\/pages\/1372"}],"wp:attachment":[{"href":"http:\/\/www.moto-adventure.net\/index.php?rest_route=%2Fwp%2Fv2%2Fmedia&parent=1447"}],"curies":[{"name":"wp","href":"https:\/\/api.w.org\/{rel}","templated":true}]}}