{"id":1431,"date":"2015-07-19T12:58:27","date_gmt":"2015-07-19T12:58:27","guid":{"rendered":"http:\/\/www.moto-adventure.net\/?page_id=1431"},"modified":"2015-08-08T05:01:48","modified_gmt":"2015-08-08T05:01:48","slug":"tag-4-jelsane-slo-campingplatz-an-den-plitvicer-seen-hr","status":"publish","type":"page","link":"http:\/\/www.moto-adventure.net\/?page_id=1431","title":{"rendered":"Tag 4: Jelsane (SLO) &#8211; Campingplatz an den Plitvicer Seen (HR)"},"content":{"rendered":"<p><img src=\"http:\/\/www.moto-adventure.net\/wp-content\/uploads\/2015\/07\/Tag4-5.gif\" alt=\"Auf der Autobahn\" \/><\/p>\n<p>Fr\u00fch morgens ging es bereits los Richtung kroatischer Grenze weiter Richtung Rijeka. Von dort aus wollten wir ein paar Kilometer entlang der K\u00fcste fahren bis es wieder Richtung Gebirge ging.<\/p>\n<p><img src=\"http:\/\/www.moto-adventure.net\/wp-content\/uploads\/2015\/07\/Tag4-6.gif\" alt=\"Kroatische Grenze\" \/><\/p>\n<p>Der Grenz\u00fcbertritt nach Kroatien ist schnell erledigt, so da\u00df wir bald weiterkommen Richtung Meer.<\/p>\n<p><img src=\"http:\/\/www.moto-adventure.net\/wp-content\/uploads\/2015\/07\/Tag4-3.gif\" alt=\"Kroatische Grenze\" \/><\/p>\n<p>Am sp\u00e4teren Morgen gibt es erst mal ne Kaffeepause am Hafen. Etwas sp\u00e4ter am Vormittag beginnt dann auch wieder die Sonne erbarmungslos von oben herab zu brennen. Als wir einen Supermarkt finden kaufen wir erst mal reichlich Getr\u00e4nke.<\/p>\n<p><img src=\"http:\/\/www.moto-adventure.net\/wp-content\/uploads\/2015\/07\/Tag4-4.gif\" alt=\"Supermarkt\" \/><br \/> <img src=\"http:\/\/www.moto-adventure.net\/wp-content\/uploads\/2015\/07\/Tag4-8.gif\" alt=\"Weg\" \/><\/p>\n<p>Danach geht es weiter Richtung Gebirge. Vorbei an den Plitvicer Seen wollen wir Richtung Bosnien weiter.<\/p>\n<p><img src=\"http:\/\/www.moto-adventure.net\/wp-content\/uploads\/2015\/07\/Tag4-7.gif\" alt=\"Weg\" \/><\/p>\n<p>Mit jedem Meter Richtung Gebirge konnte man dann auch die Temperaturen aushalten, die immer noch t\u00e4glich bei weit \u00fcber 30 Grad lagen.<\/p>\n<p>&nbsp;<\/p>\n<p>Angekommen auf dem Campingplatz wird das Zelt aufgestellt und der Feierabend eingel\u00e4utet. In Bezug auf Sauberkeit bleiben hier keine W\u00fcnsche offen.<\/p>\n<p><img src=\"http:\/\/www.moto-adventure.net\/wp-content\/uploads\/2015\/07\/Tag4-1.jpg\" alt=\"Camping\" \/><br \/> <img src=\"http:\/\/www.moto-adventure.net\/wp-content\/uploads\/2015\/07\/Tag4-2.jpg\" alt=\"Camping 2\" \/><\/p>\n<p>Danach hei\u00dft es erstmal Gute Nacht.<\/p>\n<p>&nbsp;<\/p>\n<a href=\"http:\/\/www.moto-adventure.net\/?page_id=1447\">Tag 5: Campingplatz an den Plitvicer Seen (HR) - Travnik (BiH)<\/a>\n","protected":false},"excerpt":{"rendered":"<p>Fr\u00fch morgens ging es bereits los Richtung kroatischer Grenze weiter Richtung Rijeka. Von dort aus wollten wir ein paar Kilometer entlang der K\u00fcste fahren bis es wieder Richtung Gebirge ging. Der Grenz\u00fcbertritt nach Kroatien ist schnell erledigt, so da\u00df wir bald weiterkommen Richtung Meer. Am sp\u00e4teren Morgen gibt es erst mal ne Kaffeepause am Hafen. Etwas sp\u00e4ter am Vormittag beginnt&hellip; <a href=\"http:\/\/www.moto-adventure.net\/?page_id=1431\">(more&#8230;)<\/a><\/p>\n","protected":false},"author":752,"featured_media":0,"parent":1372,"menu_order":4,"comment_status":"open","ping_status":"closed","template":"","meta":[],"_links":{"self":[{"href":"http:\/\/www.moto-adventure.net\/index.php?rest_route=\/wp\/v2\/pages\/1431"}],"collection":[{"href":"http:\/\/www.moto-adventure.net\/index.php?rest_route=\/wp\/v2\/pages"}],"about":[{"href":"http:\/\/www.moto-adventure.net\/index.php?rest_route=\/wp\/v2\/types\/page"}],"author":[{"embeddable":true,"href":"http:\/\/www.moto-adventure.net\/index.php?rest_route=\/wp\/v2\/users\/752"}],"replies":[{"embeddable":true,"href":"http:\/\/www.moto-adventure.net\/index.php?rest_route=%2Fwp%2Fv2%2Fcomments&post=1431"}],"version-history":[{"count":10,"href":"http:\/\/www.moto-adventure.net\/index.php?rest_route=\/wp\/v2\/pages\/1431\/revisions"}],"predecessor-version":[{"id":1462,"href":"http:\/\/www.moto-adventure.net\/index.php?rest_route=\/wp\/v2\/pages\/1431\/revisions\/1462"}],"up":[{"embeddable":true,"href":"http:\/\/www.moto-adventure.net\/index.php?rest_route=\/wp\/v2\/pages\/1372"}],"wp:attachment":[{"href":"http:\/\/www.moto-adventure.net\/index.php?rest_route=%2Fwp%2Fv2%2Fmedia&parent=1431"}],"curies":[{"name":"wp","href":"https:\/\/api.w.org\/{rel}","templated":true}]}}