{"id":1400,"date":"2015-07-11T07:32:20","date_gmt":"2015-07-11T07:32:20","guid":{"rendered":"http:\/\/www.moto-adventure.net\/?page_id=1400"},"modified":"2015-07-19T13:02:49","modified_gmt":"2015-07-19T13:02:49","slug":"tag-3-karawanken-und-slowenien","status":"publish","type":"page","link":"http:\/\/www.moto-adventure.net\/?page_id=1400","title":{"rendered":"Tag 3: Karawanken und Slowenien"},"content":{"rendered":"<p>Bevor wir nun den Wurzenpass und den Vrsic Pass in Angriff nehmen konnten, galt es erstmal wieder die Stiefel von Karin zu ersetzen. Diese waren schon in einem bedauernswerten Zustand, als wir von zu Hause losfuhren. Also ging es auch dieses Jahr wieder nach Villach zum Shopping (nat\u00fcrlich zum Louis). Letztes Jahr haben wir ja in Villach eine neue Brille f\u00fcr Karin machen lassen. Villach ist also ein recht teures Pflaster f\u00fcr uns.<\/p>\n<p><img src=\"http:\/\/www.moto-adventure.net\/wp-content\/uploads\/2015\/07\/TAg3-1.jpg\" alt=\"Louis\" \/><\/p>\n<p>F\u00fcr schlappe 400 Euro gabs dann neue Stiefel. Dann gings auch endlich weiter Richtung Wurzenpass und Vrsic Pass.<\/p>\n<p><img src=\"http:\/\/www.moto-adventure.net\/wp-content\/uploads\/2015\/07\/Tag3-2.jpg\" alt=\"Bild\" \/><\/p>\n<p>Geplagt von der Hitze in der Ebene wollten wir hier am See was trinken. <\/p>\n<p><img src=\"http:\/\/www.moto-adventure.net\/wp-content\/uploads\/2015\/07\/Tag3-4.jpg\" alt=\"See\" \/><\/p>\n<p>Letztlich konnten wir uns aber doch nicht dazu durchringen ins benachbarte Kaffee zu gehen. Also gings erstmal weiter. An einem Discounter hielten wir aber dann dennoch an und erg\u00e4nzten unsere Wasservorr\u00e4te. Geparkt wurde nat\u00fcrlich im Schatten. Wir haben immer noch \u00fcber 30 Grad.<\/p>\n<p><img src=\"http:\/\/www.moto-adventure.net\/wp-content\/uploads\/2015\/07\/Tag3-5.jpg\" alt=\"Alsi\" \/><\/p>\n<p>Nach einer ausgedehnten Pause und einem Eis gings dann weiter an Ljubiljana vorbei Richtung kroatischer Grenze. Kurz vor der Grenze in Jelsane (SLO) lie\u00dfen wir es dann auch f\u00fcr heute gut sein.<\/p>\n<p><img src=\"http:\/\/www.moto-adventure.net\/wp-content\/uploads\/2015\/07\/Tag3-6.jpg\" alt=\"Jelsane\" \/><\/p>\n<a href=\"http:\/\/www.moto-adventure.net\/?page_id=1431\">Tag 4: Jelsane (SLO) - Campingplatz an den Plitvicer Seen (HR)<\/a>\n","protected":false},"excerpt":{"rendered":"<p>Bevor wir nun den Wurzenpass und den Vrsic Pass in Angriff nehmen konnten, galt es erstmal wieder die Stiefel von Karin zu ersetzen. Diese waren schon in einem bedauernswerten Zustand, als wir von zu Hause losfuhren. Also ging es auch dieses Jahr wieder nach Villach zum Shopping (nat\u00fcrlich zum Louis). Letztes Jahr haben wir ja in Villach eine neue Brille&hellip; <a href=\"http:\/\/www.moto-adventure.net\/?page_id=1400\">(more&#8230;)<\/a><\/p>\n","protected":false},"author":752,"featured_media":0,"parent":1372,"menu_order":2,"comment_status":"open","ping_status":"closed","template":"","meta":[],"_links":{"self":[{"href":"http:\/\/www.moto-adventure.net\/index.php?rest_route=\/wp\/v2\/pages\/1400"}],"collection":[{"href":"http:\/\/www.moto-adventure.net\/index.php?rest_route=\/wp\/v2\/pages"}],"about":[{"href":"http:\/\/www.moto-adventure.net\/index.php?rest_route=\/wp\/v2\/types\/page"}],"author":[{"embeddable":true,"href":"http:\/\/www.moto-adventure.net\/index.php?rest_route=\/wp\/v2\/users\/752"}],"replies":[{"embeddable":true,"href":"http:\/\/www.moto-adventure.net\/index.php?rest_route=%2Fwp%2Fv2%2Fcomments&post=1400"}],"version-history":[{"count":5,"href":"http:\/\/www.moto-adventure.net\/index.php?rest_route=\/wp\/v2\/pages\/1400\/revisions"}],"predecessor-version":[{"id":1433,"href":"http:\/\/www.moto-adventure.net\/index.php?rest_route=\/wp\/v2\/pages\/1400\/revisions\/1433"}],"up":[{"embeddable":true,"href":"http:\/\/www.moto-adventure.net\/index.php?rest_route=\/wp\/v2\/pages\/1372"}],"wp:attachment":[{"href":"http:\/\/www.moto-adventure.net\/index.php?rest_route=%2Fwp%2Fv2%2Fmedia&parent=1400"}],"curies":[{"name":"wp","href":"https:\/\/api.w.org\/{rel}","templated":true}]}}