{"id":1388,"date":"2015-07-11T06:58:52","date_gmt":"2015-07-11T06:58:52","guid":{"rendered":"http:\/\/www.moto-adventure.net\/?page_id=1388"},"modified":"2015-07-12T18:07:29","modified_gmt":"2015-07-12T18:07:29","slug":"tag-2-der-grossglockner","status":"publish","type":"page","link":"http:\/\/www.moto-adventure.net\/?page_id=1388","title":{"rendered":"Tag 2: Der Grossglockner"},"content":{"rendered":"<p>Genau wie auch letztes Jahr hatten wir uns wieder den Gro\u00dfglockner f\u00fcr die \u00dcberfahrt rausgesucht. Diemal aber bei wesentlich besserem Wetter als letztes Jahr. Dementsprechend lang war auch die Schlange an der Kasse.<\/p>\n<p><img src=\"http:\/\/www.moto-adventure.net\/wp-content\/uploads\/2015\/07\/Tag2-1.jpg\" alt=\"Kasse\" \/><\/p>\n<p>F\u00fcr 50 Cent mehr Eintrittsgeld als das Jahr zuvor gab es dann auch viel Vergn\u00fcgen bei der Gipfelfahrt.<\/p>\n<p><img src=\"http:\/\/www.moto-adventure.net\/wp-content\/uploads\/2015\/07\/Tag2-2.jpg\" alt=\"Auffahrt\" \/><\/p>\n<p>Und oben dann den verdienten Ausblick, den es letztes Jahr nicht gab und wir nur auf Postkarten erahnen konnten wie es oben aussehen sollte.<\/p>\n<p><img src=\"http:\/\/www.moto-adventure.net\/wp-content\/uploads\/2015\/07\/P1010682.jpg\" alt=\"Berg\" \/><\/p>\n<p>Abends stellten wir dann auch wieder die Motorr\u00e4der dort ab, wo sie auch letztes Jahr schon standen. Im Hotel zur Post in Feistritz. Das k\u00f6nnen wir nur sehr empfehlen.<\/p>\n<p><img src=\"http:\/\/www.moto-adventure.net\/wp-content\/uploads\/2015\/07\/P1010694.jpg\" alt=\"Feistritz\" \/><\/p>\n<p>Das sollte es dann auch an Gemeinsamkeiten zur letzten Fahrt gewesen sein. Aber wir sagen hier erst mal Gute Nacht.<\/p>\n<a href=\"http:\/\/www.moto-adventure.net\/?page_id=1400\">Tag 3: Karawanken und Slowenien<\/a>\n","protected":false},"excerpt":{"rendered":"<p>Genau wie auch letztes Jahr hatten wir uns wieder den Gro\u00dfglockner f\u00fcr die \u00dcberfahrt rausgesucht. Diemal aber bei wesentlich besserem Wetter als letztes Jahr. Dementsprechend lang war auch die Schlange an der Kasse. F\u00fcr 50 Cent mehr Eintrittsgeld als das Jahr zuvor gab es dann auch viel Vergn\u00fcgen bei der Gipfelfahrt. Und oben dann den verdienten Ausblick, den es letztes&hellip; <a href=\"http:\/\/www.moto-adventure.net\/?page_id=1388\">(more&#8230;)<\/a><\/p>\n","protected":false},"author":752,"featured_media":0,"parent":1372,"menu_order":1,"comment_status":"open","ping_status":"closed","template":"","meta":[],"_links":{"self":[{"href":"http:\/\/www.moto-adventure.net\/index.php?rest_route=\/wp\/v2\/pages\/1388"}],"collection":[{"href":"http:\/\/www.moto-adventure.net\/index.php?rest_route=\/wp\/v2\/pages"}],"about":[{"href":"http:\/\/www.moto-adventure.net\/index.php?rest_route=\/wp\/v2\/types\/page"}],"author":[{"embeddable":true,"href":"http:\/\/www.moto-adventure.net\/index.php?rest_route=\/wp\/v2\/users\/752"}],"replies":[{"embeddable":true,"href":"http:\/\/www.moto-adventure.net\/index.php?rest_route=%2Fwp%2Fv2%2Fcomments&post=1388"}],"version-history":[{"count":4,"href":"http:\/\/www.moto-adventure.net\/index.php?rest_route=\/wp\/v2\/pages\/1388\/revisions"}],"predecessor-version":[{"id":1414,"href":"http:\/\/www.moto-adventure.net\/index.php?rest_route=\/wp\/v2\/pages\/1388\/revisions\/1414"}],"up":[{"embeddable":true,"href":"http:\/\/www.moto-adventure.net\/index.php?rest_route=\/wp\/v2\/pages\/1372"}],"wp:attachment":[{"href":"http:\/\/www.moto-adventure.net\/index.php?rest_route=%2Fwp%2Fv2%2Fmedia&parent=1388"}],"curies":[{"name":"wp","href":"https:\/\/api.w.org\/{rel}","templated":true}]}}