{"id":1372,"date":"2015-07-11T05:45:25","date_gmt":"2015-07-11T05:45:25","guid":{"rendered":"http:\/\/www.moto-adventure.net\/?page_id=1372"},"modified":"2015-10-10T08:05:23","modified_gmt":"2015-10-10T08:05:23","slug":"balkanreise-2015-grenzgaengertour-13-laender-und-19-grenzuebertritte","status":"publish","type":"page","link":"http:\/\/www.moto-adventure.net\/?page_id=1372","title":{"rendered":"Balkanreise 2015 &#8211; Grenzg\u00e4ngertour: 4789 gefahrene km &#8211; 13 L\u00e4nder und 19 Grenz\u00fcbertritte"},"content":{"rendered":"<p><img src=\"http:\/\/www.moto-adventure.net\/wp-content\/uploads\/2015\/07\/P1010713.jpg\" alt=\"Abfahrt\" \/><\/p>\n<p>Nachdem wir letztes Jahr sehr viel Pech mit dem Wetter hatten, und nicht alles was wir uns vorgenommen haben, sehen konnten, brachen wir dieses Jahr wieder Richtung Balkan auf um die &#8222;liegengebliebenen&#8220; Teile nachzuholen. Begleitet von reichlich Sonnenschein und teilweise sehr hohen Temperaturen gings dann wieder Richtung Griechenland. Wobei das eigentliche Ziel die Anreise \u00fcber den Balkan dorthin war.<\/p>\n<p>Dabei \u00fcberquerten wir auf insgesamt 4789 km 19 mal die Grenze und besuchten dabei 13 L\u00e4nder &#8211; und schlossen auch wieder neue Freundschaften.<\/p>\n<p><img src=\"http:\/\/www.moto-adventure.net\/wp-content\/uploads\/2015\/08\/Titel-grenze-700-e1444464285386.jpg\" alt=\"Hafen\" \/><\/p>\n<p>Hier k\u00f6nnt Ihr auf auf unsere Reise begleiten.<\/p>\n<p><img src=\"http:\/\/www.moto-adventure.net\/wp-content\/uploads\/2015\/07\/Titel3-e1436593755289.jpg\" alt=\"Hafen\" \/><\/p>\n<p>Der Bericht wird in K\u00fcrze fertiggestellt. Viel Spa\u00df beim Lesen.<\/p>\n<li><a href=\"http:\/\/www.moto-adventure.net\/?page_id=1377\">Tag 1: Die Abfahrt<\/a><\/li>\n","protected":false},"excerpt":{"rendered":"<p>Nachdem wir letztes Jahr sehr viel Pech mit dem Wetter hatten, und nicht alles was wir uns vorgenommen haben, sehen konnten, brachen wir dieses Jahr wieder Richtung Balkan auf um die &#8222;liegengebliebenen&#8220; Teile nachzuholen. Begleitet von reichlich Sonnenschein und teilweise sehr hohen Temperaturen gings dann wieder Richtung Griechenland. Wobei das eigentliche Ziel die Anreise \u00fcber den Balkan dorthin war. Dabei&hellip; <a href=\"http:\/\/www.moto-adventure.net\/?page_id=1372\">(more&#8230;)<\/a><\/p>\n","protected":false},"author":753,"featured_media":0,"parent":2,"menu_order":0,"comment_status":"open","ping_status":"closed","template":"","meta":[],"_links":{"self":[{"href":"http:\/\/www.moto-adventure.net\/index.php?rest_route=\/wp\/v2\/pages\/1372"}],"collection":[{"href":"http:\/\/www.moto-adventure.net\/index.php?rest_route=\/wp\/v2\/pages"}],"about":[{"href":"http:\/\/www.moto-adventure.net\/index.php?rest_route=\/wp\/v2\/types\/page"}],"author":[{"embeddable":true,"href":"http:\/\/www.moto-adventure.net\/index.php?rest_route=\/wp\/v2\/users\/753"}],"replies":[{"embeddable":true,"href":"http:\/\/www.moto-adventure.net\/index.php?rest_route=%2Fwp%2Fv2%2Fcomments&post=1372"}],"version-history":[{"count":10,"href":"http:\/\/www.moto-adventure.net\/index.php?rest_route=\/wp\/v2\/pages\/1372\/revisions"}],"predecessor-version":[{"id":1835,"href":"http:\/\/www.moto-adventure.net\/index.php?rest_route=\/wp\/v2\/pages\/1372\/revisions\/1835"}],"up":[{"embeddable":true,"href":"http:\/\/www.moto-adventure.net\/index.php?rest_route=\/wp\/v2\/pages\/2"}],"wp:attachment":[{"href":"http:\/\/www.moto-adventure.net\/index.php?rest_route=%2Fwp%2Fv2%2Fmedia&parent=1372"}],"curies":[{"name":"wp","href":"https:\/\/api.w.org\/{rel}","templated":true}]}}